{"id":625,"date":"2025-12-20T06:18:54","date_gmt":"2025-12-20T06:18:54","guid":{"rendered":"https:\/\/mustispot.com\/urun\/?post_type=product&#038;p=625"},"modified":"2025-12-20T06:18:54","modified_gmt":"2025-12-20T06:18:54","slug":"ikinci-el-sega-game-gear","status":"publish","type":"product","link":"https:\/\/mustispot.com\/urun\/urun\/ikinci-el-sega-game-gear\/","title":{"rendered":"ikinci el Sega Game Gear"},"content":{"rendered":"<p>Segan\u0131n 1990 da piyasaya s\u00fcrd\u00fc\u011f\u00fc ve d\u00f6nemin el konsollar\u0131ndan \u00e7ok daha iyi g\u00f6r\u00fcnt\u00fcye sahip zaman\u0131n\u0131n \u00f6tesinde bir konsoldur. 6 adet kalem pille yada adapt\u00f6r ile \u00e7al\u0131\u015f\u0131r. Kulakl\u0131k giri\u015fi mevcuttur. Pil kapaklar\u0131 s\u0131f\u0131rd\u0131r orjinal de\u011fildir. Anakart, ses ve g\u00fc\u00e7 kart\u0131ndaki kondansat\u00f6rler de\u011fi\u015ftirilmi\u015ftir ses ve g\u00f6r\u00fcnt\u00fc canl\u0131d\u0131r. Ekran\u0131n ortas\u0131nda solmalar var fotoda belli oluyor \u00f6l\u00fc piksel yok. De\u011fi\u015fen kondansat\u00f6rler ve pil kapaklar\u0131 hari\u00e7 t\u00fcm par\u00e7alar\u0131 orjinaldir. Ekran lensinde ve kasada \u00e7izikler mevcuttur. T\u00fcm fonksiyonlar\u0131 \u00e7al\u0131\u015f\u0131r haldedir herhangi bir problemi yoktur. Konsol yan\u0131nda kaset verilmeyecektir ilaveten almak isterseniz ilalar\u0131mda mevcuttur. Fiyat sondur takas pazarl\u0131k ve iade yoktur.<\/p>\n<p><img loading=\"lazy\" decoding=\"async\" src=\"https:\/\/mustispot.com\/urun\/wp-content\/uploads\/2025\/12\/ikinci-el-Sega-Game-Gear-3.png\" alt=\"\" width=\"1295\" height=\"747\" class=\"aligncenter size-full wp-image-629\" title=\"\" srcset=\"https:\/\/mustispot.com\/urun\/wp-content\/uploads\/2025\/12\/ikinci-el-Sega-Game-Gear-3.png 1295w, https:\/\/mustispot.com\/urun\/wp-content\/uploads\/2025\/12\/ikinci-el-Sega-Game-Gear-3-300x173.png 300w, https:\/\/mustispot.com\/urun\/wp-content\/uploads\/2025\/12\/ikinci-el-Sega-Game-Gear-3-1024x591.png 1024w, https:\/\/mustispot.com\/urun\/wp-content\/uploads\/2025\/12\/ikinci-el-Sega-Game-Gear-3-768x443.png 768w, https:\/\/mustispot.com\/urun\/wp-content\/uploads\/2025\/12\/ikinci-el-Sega-Game-Gear-3-600x346.png 600w\" sizes=\"auto, (max-width: 1295px) 100vw, 1295px\" \/><\/p>\n","protected":false},"excerpt":{"rendered":"<p>Orijinal Sega Game Gear Oyunlar\u0131. Tertemiz ve sorunsuz \u00e7al\u0131\u015fmaktad\u0131rlar. COLUMNS * 1990 * 2.EL SEGA GAME GEAR OYUNU online sahaf, antika, koleksiyon objesi ve Nadir bulunan koleksiyonluk oyumlard\u0131r. Adet fiyat\u0131d\u0131r. <\/p>\n","protected":false},"featured_media":626,"template":"","meta":[],"product_brand":[],"product_cat":[15],"product_tag":[],"class_list":{"0":"post-625","1":"product","2":"type-product","3":"status-publish","4":"has-post-thumbnail","6":"product_cat-ikinci-el-esya","8":"first","9":"instock","10":"sale","11":"shipping-taxable","12":"purchasable","13":"product-type-simple"},"_links":{"self":[{"href":"https:\/\/mustispot.com\/urun\/wp-json\/wp\/v2\/product\/625","targetHints":{"allow":["GET"]}}],"collection":[{"href":"https:\/\/mustispot.com\/urun\/wp-json\/wp\/v2\/product"}],"about":[{"href":"https:\/\/mustispot.com\/urun\/wp-json\/wp\/v2\/types\/product"}],"wp:featuredmedia":[{"embeddable":true,"href":"https:\/\/mustispot.com\/urun\/wp-json\/wp\/v2\/media\/626"}],"wp:attachment":[{"href":"https:\/\/mustispot.com\/urun\/wp-json\/wp\/v2\/media?parent=625"}],"wp:term":[{"taxonomy":"product_brand","embeddable":true,"href":"https:\/\/mustispot.com\/urun\/wp-json\/wp\/v2\/product_brand?post=625"},{"taxonomy":"product_cat","embeddable":true,"href":"https:\/\/mustispot.com\/urun\/wp-json\/wp\/v2\/product_cat?post=625"},{"taxonomy":"product_tag","embeddable":true,"href":"https:\/\/mustispot.com\/urun\/wp-json\/wp\/v2\/product_tag?post=625"}],"curies":[{"name":"wp","href":"https:\/\/api.w.org\/{rel}","templated":true}]}}