{"id":604,"date":"2025-08-08T08:22:12","date_gmt":"2025-08-08T08:22:12","guid":{"rendered":"https:\/\/mustispot.com\/urun\/?post_type=product&#038;p=604"},"modified":"2025-08-08T08:22:12","modified_gmt":"2025-08-08T08:22:12","slug":"acik-iskarta-defolu-seramik-yer-karosu-fayans","status":"publish","type":"product","link":"https:\/\/mustispot.com\/urun\/urun\/acik-iskarta-defolu-seramik-yer-karosu-fayans\/","title":{"rendered":"A\u00e7\u0131k \u0131skarta defolu seramik yer karosu fayans"},"content":{"rendered":"<p>Defolu Seramik nedir? 2.Kalite Seramik Nedir? End\u00fcstriyel Kalite DEFOLU VE B\u0130R\u0130NC\u0130 KAL\u0130TE SERAM\u0130K,FAYANS TOPTAN VE PERAKENDE T\u0130CARET\u0130 YAPAN Seramik Nedir? Iskarta Seramik<\/p>\n","protected":false},"excerpt":{"rendered":"<p>Ko\u00e7ta\u015f defolu Fayans Fiyatlar\u0131 \u015e\u0131k ve konforlu bir kullan\u0131m imkan\u0131 sa\u011flayan tezgah aras\u0131 fayans se\u00e7enekleri i\u00e7erisinden tercih Defolu fayans ne demek? Defolu fayanslar , firmalar\u0131n \u00fcr\u00fcnleri i\u00e7erisinde hatal\u0131<br \/>\nDefolu fayans metrekare fiyatlar\u0131<br \/>\n1 metrekare fayans fiyat\u0131<br \/>\n2. kalite fayans fiyatlar\u0131<br \/>\nDefolu KALEBODUR fiyatlar\u0131<br \/>\nDefolu Seramik Fiyatlar\u0131<br \/>\n2. kalite fayans fiyatlar\u0131 \u015fahinbey\/gaziantep yak\u0131n\u0131nda<\/p>\n","protected":false},"featured_media":605,"template":"","meta":[],"product_brand":[],"product_cat":[33],"product_tag":[],"class_list":{"0":"post-604","1":"product","2":"type-product","3":"status-publish","4":"has-post-thumbnail","6":"product_cat-spot-defolu-esya","8":"first","9":"instock","10":"sale","11":"shipping-taxable","12":"purchasable","13":"product-type-simple"},"_links":{"self":[{"href":"https:\/\/mustispot.com\/urun\/wp-json\/wp\/v2\/product\/604","targetHints":{"allow":["GET"]}}],"collection":[{"href":"https:\/\/mustispot.com\/urun\/wp-json\/wp\/v2\/product"}],"about":[{"href":"https:\/\/mustispot.com\/urun\/wp-json\/wp\/v2\/types\/product"}],"wp:featuredmedia":[{"embeddable":true,"href":"https:\/\/mustispot.com\/urun\/wp-json\/wp\/v2\/media\/605"}],"wp:attachment":[{"href":"https:\/\/mustispot.com\/urun\/wp-json\/wp\/v2\/media?parent=604"}],"wp:term":[{"taxonomy":"product_brand","embeddable":true,"href":"https:\/\/mustispot.com\/urun\/wp-json\/wp\/v2\/product_brand?post=604"},{"taxonomy":"product_cat","embeddable":true,"href":"https:\/\/mustispot.com\/urun\/wp-json\/wp\/v2\/product_cat?post=604"},{"taxonomy":"product_tag","embeddable":true,"href":"https:\/\/mustispot.com\/urun\/wp-json\/wp\/v2\/product_tag?post=604"}],"curies":[{"name":"wp","href":"https:\/\/api.w.org\/{rel}","templated":true}]}}