{"id":598,"date":"2025-08-04T14:43:50","date_gmt":"2025-08-04T14:43:50","guid":{"rendered":"https:\/\/mustispot.com\/urun\/?post_type=product&#038;p=598"},"modified":"2025-08-04T14:43:50","modified_gmt":"2025-08-04T14:43:50","slug":"2-el-cati-makaslari-2-el-celik-cati-cikma-celik-konstruksiyon","status":"publish","type":"product","link":"https:\/\/mustispot.com\/urun\/urun\/2-el-cati-makaslari-2-el-celik-cati-cikma-celik-konstruksiyon\/","title":{"rendered":"2 el \u00e7at\u0131 makaslar\u0131 2 el \u00e7elik \u00e7at\u0131 \u00e7\u0131kma \u00e7elik konstr\u00fcksiyon"},"content":{"rendered":"<p><img loading=\"lazy\" decoding=\"async\" src=\"https:\/\/mustispot.com\/urun\/wp-content\/uploads\/2025\/08\/2-el-cati-makaslari-2-el-celik-cati-3.webp\" alt=\"\" width=\"1400\" height=\"787\" class=\"aligncenter size-full wp-image-602\" title=\"\" srcset=\"https:\/\/mustispot.com\/urun\/wp-content\/uploads\/2025\/08\/2-el-cati-makaslari-2-el-celik-cati-3.webp 1400w, https:\/\/mustispot.com\/urun\/wp-content\/uploads\/2025\/08\/2-el-cati-makaslari-2-el-celik-cati-3-300x169.webp 300w, https:\/\/mustispot.com\/urun\/wp-content\/uploads\/2025\/08\/2-el-cati-makaslari-2-el-celik-cati-3-1024x576.webp 1024w, https:\/\/mustispot.com\/urun\/wp-content\/uploads\/2025\/08\/2-el-cati-makaslari-2-el-celik-cati-3-768x432.webp 768w, https:\/\/mustispot.com\/urun\/wp-content\/uploads\/2025\/08\/2-el-cati-makaslari-2-el-celik-cati-3-1140x641.webp 1140w, https:\/\/mustispot.com\/urun\/wp-content\/uploads\/2025\/08\/2-el-cati-makaslari-2-el-celik-cati-3-720x405.webp 720w, https:\/\/mustispot.com\/urun\/wp-content\/uploads\/2025\/08\/2-el-cati-makaslari-2-el-celik-cati-3-600x337.webp 600w\" sizes=\"auto, (max-width: 1400px) 100vw, 1400px\" \/><\/p>\n<p><img loading=\"lazy\" decoding=\"async\" src=\"https:\/\/mustispot.com\/urun\/wp-content\/uploads\/2025\/08\/2-el-cati-makaslari-2-el-celik-cati-2.webp\" alt=\"\" width=\"1400\" height=\"787\" class=\"aligncenter size-full wp-image-601\" title=\"\" srcset=\"https:\/\/mustispot.com\/urun\/wp-content\/uploads\/2025\/08\/2-el-cati-makaslari-2-el-celik-cati-2.webp 1400w, https:\/\/mustispot.com\/urun\/wp-content\/uploads\/2025\/08\/2-el-cati-makaslari-2-el-celik-cati-2-300x169.webp 300w, https:\/\/mustispot.com\/urun\/wp-content\/uploads\/2025\/08\/2-el-cati-makaslari-2-el-celik-cati-2-1024x576.webp 1024w, https:\/\/mustispot.com\/urun\/wp-content\/uploads\/2025\/08\/2-el-cati-makaslari-2-el-celik-cati-2-768x432.webp 768w, https:\/\/mustispot.com\/urun\/wp-content\/uploads\/2025\/08\/2-el-cati-makaslari-2-el-celik-cati-2-1140x641.webp 1140w, https:\/\/mustispot.com\/urun\/wp-content\/uploads\/2025\/08\/2-el-cati-makaslari-2-el-celik-cati-2-720x405.webp 720w, https:\/\/mustispot.com\/urun\/wp-content\/uploads\/2025\/08\/2-el-cati-makaslari-2-el-celik-cati-2-600x337.webp 600w\" sizes=\"auto, (max-width: 1400px) 100vw, 1400px\" \/><\/p>\n<p><img loading=\"lazy\" decoding=\"async\" src=\"https:\/\/mustispot.com\/urun\/wp-content\/uploads\/2025\/08\/2-el-cati-makaslari-2-el-celik-cati-5.webp\" alt=\"\" width=\"1400\" height=\"787\" class=\"aligncenter size-full wp-image-599\" title=\"\" srcset=\"https:\/\/mustispot.com\/urun\/wp-content\/uploads\/2025\/08\/2-el-cati-makaslari-2-el-celik-cati-5.webp 1400w, https:\/\/mustispot.com\/urun\/wp-content\/uploads\/2025\/08\/2-el-cati-makaslari-2-el-celik-cati-5-300x169.webp 300w, https:\/\/mustispot.com\/urun\/wp-content\/uploads\/2025\/08\/2-el-cati-makaslari-2-el-celik-cati-5-1024x576.webp 1024w, https:\/\/mustispot.com\/urun\/wp-content\/uploads\/2025\/08\/2-el-cati-makaslari-2-el-celik-cati-5-768x432.webp 768w, https:\/\/mustispot.com\/urun\/wp-content\/uploads\/2025\/08\/2-el-cati-makaslari-2-el-celik-cati-5-1140x641.webp 1140w, https:\/\/mustispot.com\/urun\/wp-content\/uploads\/2025\/08\/2-el-cati-makaslari-2-el-celik-cati-5-720x405.webp 720w, https:\/\/mustispot.com\/urun\/wp-content\/uploads\/2025\/08\/2-el-cati-makaslari-2-el-celik-cati-5-600x337.webp 600w\" sizes=\"auto, (max-width: 1400px) 100vw, 1400px\" \/><\/p>\n","protected":false},"excerpt":{"rendered":"<p>2 el \u00e7at\u0131 makaslar\u0131 2 el \u00e7elik \u00e7at\u0131 \u00c7elik Konstr\u00fcksiyon Asma Kat,Bu malzemeler, \u00e7at\u0131n\u0131n kaplama, yal\u0131t\u0131m ve ta\u015f\u0131y\u0131c\u0131 elemanlar\u0131n\u0131 i\u00e7erir. Genellikle hurda haline gelirler veya ikinci el olarak sat\u0131l\u0131rlar. \u00c7\u0131kma \u00c7at\u0131 \u00c7elik Ara Kat, \u00c7ekme Kat \u0130malat\u0131 ve Montaj\u0131 i\u00e7in Teklif Al\u0131n. \u00c7elik konstr\u00fcksiyon yap\u0131 \u00c7at\u0131 makas\u0131, \u00e7at\u0131lar\u0131n temel destek yap\u0131lar\u0131n\u0131 olu\u015fturan, genellikle ah\u015fap veya metal malzemeden yap\u0131lm\u0131\u015f,<\/p>\n","protected":false},"featured_media":603,"template":"","meta":[],"product_brand":[],"product_cat":[15],"product_tag":[],"class_list":{"0":"post-598","1":"product","2":"type-product","3":"status-publish","4":"has-post-thumbnail","6":"product_cat-ikinci-el-esya","8":"first","9":"instock","10":"sale","11":"shipping-taxable","12":"purchasable","13":"product-type-simple"},"_links":{"self":[{"href":"https:\/\/mustispot.com\/urun\/wp-json\/wp\/v2\/product\/598","targetHints":{"allow":["GET"]}}],"collection":[{"href":"https:\/\/mustispot.com\/urun\/wp-json\/wp\/v2\/product"}],"about":[{"href":"https:\/\/mustispot.com\/urun\/wp-json\/wp\/v2\/types\/product"}],"wp:featuredmedia":[{"embeddable":true,"href":"https:\/\/mustispot.com\/urun\/wp-json\/wp\/v2\/media\/603"}],"wp:attachment":[{"href":"https:\/\/mustispot.com\/urun\/wp-json\/wp\/v2\/media?parent=598"}],"wp:term":[{"taxonomy":"product_brand","embeddable":true,"href":"https:\/\/mustispot.com\/urun\/wp-json\/wp\/v2\/product_brand?post=598"},{"taxonomy":"product_cat","embeddable":true,"href":"https:\/\/mustispot.com\/urun\/wp-json\/wp\/v2\/product_cat?post=598"},{"taxonomy":"product_tag","embeddable":true,"href":"https:\/\/mustispot.com\/urun\/wp-json\/wp\/v2\/product_tag?post=598"}],"curies":[{"name":"wp","href":"https:\/\/api.w.org\/{rel}","templated":true}]}}