{"id":581,"date":"2024-10-19T13:46:19","date_gmt":"2024-10-19T13:46:19","guid":{"rendered":"https:\/\/mustispot.com\/urun\/?post_type=product&#038;p=581"},"modified":"2024-10-19T13:46:20","modified_gmt":"2024-10-19T13:46:20","slug":"cikma-insaat-tahtasi-2-el-kereste-5x10-sahibinden-satilik-insaat-kerestesi","status":"publish","type":"product","link":"https:\/\/mustispot.com\/urun\/urun\/cikma-insaat-tahtasi-2-el-kereste-5x10-sahibinden-satilik-insaat-kerestesi\/","title":{"rendered":"\u00c7\u0131kma in\u015faat tahtas\u0131 2. el kereste (5&#215;10) Sahibinden sat\u0131l\u0131k \u0130n\u015faat kerestesi"},"content":{"rendered":"<p><img loading=\"lazy\" decoding=\"async\" class=\"aligncenter size-full wp-image-585\" src=\"https:\/\/mustispot.com\/urun\/wp-content\/uploads\/2024\/10\/Cikma-insaat-tahtasi-2.-el-kereste-4.png\" alt=\"\" width=\"731\" height=\"617\" title=\"\" srcset=\"https:\/\/mustispot.com\/urun\/wp-content\/uploads\/2024\/10\/Cikma-insaat-tahtasi-2.-el-kereste-4.png 731w, https:\/\/mustispot.com\/urun\/wp-content\/uploads\/2024\/10\/Cikma-insaat-tahtasi-2.-el-kereste-4-300x253.png 300w, https:\/\/mustispot.com\/urun\/wp-content\/uploads\/2024\/10\/Cikma-insaat-tahtasi-2.-el-kereste-4-600x506.png 600w\" sizes=\"auto, (max-width: 731px) 100vw, 731px\" \/><\/p>\n","protected":false},"excerpt":{"rendered":"<p><strong>\u00c7\u0131kma in\u015faat tahtas\u0131 2. el kereste<\/strong> MARKA 2014 MODEL REV\u0130ZYONLU FULL TAKIM. \u00c7\u0131kma In\u015faat Kerestesi. \u00c7\u0131kma In\u015faat Kerestesi I\u00e7in Filtrelenmi\u015f Sonu\u00e7lar Al\u0131n. Bilgi Bulmak. 200 adet 1 sefer 2. El Tahta &#8211; Kereste, \u0130kinci el tahta ve kereste ihtiya\u00e7lar\u0131n\u0131z\u0131 1 metrek\u00fcp in\u015faatl\u0131k kereste ka\u00e7 para?<br \/>\n5&#8217;e 10 kereste fiyat\u0131 ne kadar? 10&#215;10 kereste ne kadar? \u0130kinci el pleymut ka\u00e7 para?<br \/>\nfirmam\u0131zdan temin tedebilirsiniz, Size bir telefon kadar yak\u0131n\u0131z kullan\u0131lm\u0131\u015f 2.5 milim3.50m boyunda.<\/p>\n<p><strong><a href=\"https:\/\/www.google.com\/search?q=1+metrek%C3%BCp+in%C5%9Faatl%C4%B1k+kereste+ka%C3%A7+para%3F&amp;rlz=1C1CHZN_trTR1057TR1057&amp;oq=1+metrek%C3%BCp+in%C5%9Faatl%C4%B1k+kereste+ka%C3%A7+para%3F&amp;gs_lcrp=EgZjaHJvbWUyBggAEEUYOTIHCAEQIRigATIHCAIQIRigATIHCAMQIRigATIHCAQQIRigATIHCAUQIRigAdIBBzU5MGowajmoAgCwAgE&amp;sourceid=chrome&amp;ie=UTF-8\">1 metrek\u00fcp in\u015faatl\u0131k kereste ka\u00e7 para?<\/a><\/strong><br \/>\n\u0130n\u015faatl\u0131k kereste olarak en \u00e7ok tercih edilen \u00e7am kereste 2021 y\u0131l\u0131 geneline bak\u0131ld\u0131\u011f\u0131nda 2000-2500 TL\/metrek\u00fcp olarak al\u0131c\u0131 bulmu\u015ftur. 2022 y\u0131l\u0131n\u0131n ilk aylar\u0131nda 3000 TL\/metrek\u00fcp olarak fiyatland\u0131rma devam etmektedir.<\/p>\n","protected":false},"featured_media":582,"template":"","meta":[],"product_brand":[],"product_cat":[32],"product_tag":[],"class_list":{"0":"post-581","1":"product","2":"type-product","3":"status-publish","4":"has-post-thumbnail","6":"product_cat-ikinci-el-mobilya","8":"first","9":"instock","10":"sale","11":"shipping-taxable","12":"purchasable","13":"product-type-simple"},"_links":{"self":[{"href":"https:\/\/mustispot.com\/urun\/wp-json\/wp\/v2\/product\/581","targetHints":{"allow":["GET"]}}],"collection":[{"href":"https:\/\/mustispot.com\/urun\/wp-json\/wp\/v2\/product"}],"about":[{"href":"https:\/\/mustispot.com\/urun\/wp-json\/wp\/v2\/types\/product"}],"wp:featuredmedia":[{"embeddable":true,"href":"https:\/\/mustispot.com\/urun\/wp-json\/wp\/v2\/media\/582"}],"wp:attachment":[{"href":"https:\/\/mustispot.com\/urun\/wp-json\/wp\/v2\/media?parent=581"}],"wp:term":[{"taxonomy":"product_brand","embeddable":true,"href":"https:\/\/mustispot.com\/urun\/wp-json\/wp\/v2\/product_brand?post=581"},{"taxonomy":"product_cat","embeddable":true,"href":"https:\/\/mustispot.com\/urun\/wp-json\/wp\/v2\/product_cat?post=581"},{"taxonomy":"product_tag","embeddable":true,"href":"https:\/\/mustispot.com\/urun\/wp-json\/wp\/v2\/product_tag?post=581"}],"curies":[{"name":"wp","href":"https:\/\/api.w.org\/{rel}","templated":true}]}}