{"id":577,"date":"2024-10-15T12:57:09","date_gmt":"2024-10-15T12:57:09","guid":{"rendered":"https:\/\/mustispot.com\/urun\/?post_type=product&#038;p=577"},"modified":"2024-10-15T12:57:09","modified_gmt":"2024-10-15T12:57:09","slug":"ikinci-kurutmali-camasir-makinesi-kazani-samsung-marka","status":"publish","type":"product","link":"https:\/\/mustispot.com\/urun\/urun\/ikinci-kurutmali-camasir-makinesi-kazani-samsung-marka\/","title":{"rendered":"ikinci kurutmal\u0131 \u00e7ama\u015f\u0131r makinesi kazan\u0131 (samsung marka)"},"content":{"rendered":"<p><img loading=\"lazy\" decoding=\"async\" src=\"https:\/\/mustispot.com\/urun\/wp-content\/uploads\/2024\/10\/ikinci-kurutmali-camasir-makinesi-kazani-2.png\" alt=\"\" width=\"841\" height=\"611\" class=\"aligncenter size-full wp-image-578\" title=\"\" srcset=\"https:\/\/mustispot.com\/urun\/wp-content\/uploads\/2024\/10\/ikinci-kurutmali-camasir-makinesi-kazani-2.png 841w, https:\/\/mustispot.com\/urun\/wp-content\/uploads\/2024\/10\/ikinci-kurutmali-camasir-makinesi-kazani-2-300x218.png 300w, https:\/\/mustispot.com\/urun\/wp-content\/uploads\/2024\/10\/ikinci-kurutmali-camasir-makinesi-kazani-2-768x558.png 768w, https:\/\/mustispot.com\/urun\/wp-content\/uploads\/2024\/10\/ikinci-kurutmali-camasir-makinesi-kazani-2-600x436.png 600w\" sizes=\"auto, (max-width: 841px) 100vw, 841px\" \/><\/p>\n","protected":false},"excerpt":{"rendered":"<p><strong>ikinci kurutmal\u0131 \u00e7ama\u015f\u0131r makinesi kazan\u0131 <a href=\"https:\/\/www.google.com\/search?sca_esv=3145f941300c1a56&amp;rlz=1C1CHZN_trTR1057TR1057&amp;q=Beko+SYK14DB13&amp;udm=2&amp;fbs=AEQNm0CgMcZ11KbHg1uunEmuo39LLENMxKU4A-xHlO3gHxKbr-PvY337eZMxzQMTi6QhXocGwNowOv6IJbF9_bK6Ss4sGUd8qKH2ZuTfA7OijQcb4BetHFTiQ3ruZuSkY2thwrNalDiNF7O7eD1aNjOfx69buwvHjKlBmVWoF4EFr_pOJ7J6E70UyeqtU9UTp57zQol4kMeo5NB2XYpEdCfHXmUVdg8cEw&amp;sa=X&amp;ved=2ahUKEwiur53jt5CJAxXLBNsEHScdNZIQtKgLegQIDxAB&amp;biw=1366&amp;bih=641&amp;dpr=1\">Beko SYK14DB13<\/a><\/strong> Kurutmal\u0131 \u00c7ama\u015f\u0131r Makinesi Kazan K\u00f6r\u00fck Lasti\u011fi &#8211; Kap\u0131 Contas\u0131 ile en \u00e7ok kar\u015f\u0131la\u015ft\u0131r\u0131lanlar \u00d6nden y\u00fcklemeli \u00e7ama\u015f\u0131r makinesi (ankastre ve solo). Samsung kurutmal\u0131 \u00e7ama\u015f\u0131r makinesi ald\u0131k. <strong>ikinci kurutmal\u0131 \u00e7ama\u015f\u0131r makinesi kazan\u0131 <\/strong>Bu ikinci ar\u0131zas\u0131; daha \u00f6nce kazan sallan\u0131yordu, rulman \u00c7\u00f6z\u00fcm: 1. Cihaz\u0131n arkas\u0131ndaki ta\u015f\u0131ma c\u0131vatalar\u0131n\u0131n s\u00f6k\u00fcld\u00fc\u011f\u00fcnden emin olun. Montaj \u0130nci dokulu makine kazan\u0131 \u00e7ama\u015f\u0131rlara nazik davran\u0131r. B\u00f6ylece k\u0131yafetlerin uzun \u00f6m\u00fcrl\u00fc olmas\u0131na<\/p>\n","protected":false},"featured_media":579,"template":"","meta":[],"product_brand":[],"product_cat":[30],"product_tag":[36],"class_list":{"0":"post-577","1":"product","2":"type-product","3":"status-publish","4":"has-post-thumbnail","6":"product_cat-ikinci-el-beyaz-esya","7":"product_tag-ikinci-el-camasir-makinesi","9":"first","10":"instock","11":"sale","12":"shipping-taxable","13":"purchasable","14":"product-type-simple"},"_links":{"self":[{"href":"https:\/\/mustispot.com\/urun\/wp-json\/wp\/v2\/product\/577","targetHints":{"allow":["GET"]}}],"collection":[{"href":"https:\/\/mustispot.com\/urun\/wp-json\/wp\/v2\/product"}],"about":[{"href":"https:\/\/mustispot.com\/urun\/wp-json\/wp\/v2\/types\/product"}],"wp:featuredmedia":[{"embeddable":true,"href":"https:\/\/mustispot.com\/urun\/wp-json\/wp\/v2\/media\/579"}],"wp:attachment":[{"href":"https:\/\/mustispot.com\/urun\/wp-json\/wp\/v2\/media?parent=577"}],"wp:term":[{"taxonomy":"product_brand","embeddable":true,"href":"https:\/\/mustispot.com\/urun\/wp-json\/wp\/v2\/product_brand?post=577"},{"taxonomy":"product_cat","embeddable":true,"href":"https:\/\/mustispot.com\/urun\/wp-json\/wp\/v2\/product_cat?post=577"},{"taxonomy":"product_tag","embeddable":true,"href":"https:\/\/mustispot.com\/urun\/wp-json\/wp\/v2\/product_tag?post=577"}],"curies":[{"name":"wp","href":"https:\/\/api.w.org\/{rel}","templated":true}]}}