{"id":560,"date":"2024-08-30T06:03:18","date_gmt":"2024-08-30T06:03:18","guid":{"rendered":"https:\/\/mustispot.com\/urun\/?post_type=product&#038;p=560"},"modified":"2024-08-30T06:03:18","modified_gmt":"2024-08-30T06:03:18","slug":"toptan-satilik-ikinci-el-camasir-makinesi-7-8-9-kg-olup-modelli-makinelerdir","status":"publish","type":"product","link":"https:\/\/mustispot.com\/urun\/urun\/toptan-satilik-ikinci-el-camasir-makinesi-7-8-9-kg-olup-modelli-makinelerdir\/","title":{"rendered":"Toptan sat\u0131l\u0131k ikinci el \u00e7ama\u015f\u0131r makinesi 7-8-9 kg olup modelli makinelerdir"},"content":{"rendered":"","protected":false},"excerpt":{"rendered":"<p>ikinci el \u00e7ama\u015f\u0131r makinesi \u0130kinci el \u00e7ama\u015f\u0131r makinesi fiyatlar\u0131, Beyaz E\u015fya Toplu Sat\u0131\u015f \u00dcr\u00fcnleri, ikinci el ve s\u0131f\u0131r se\u00e7enekleri ve b\u00fct\u00e7enize uygun fiyat ve Sahibinden 2.el \u00e7ama\u015f\u0131r makineleri. T\u00fcrkiye&#8217;de, sat\u0131l\u0131k s\u0131f\u0131r ve ikinci el \u00e7ama\u015f\u0131r makineleri ilanlar\u0131. T\u00fcrkiye&#8217;de, \u00e7ama\u015f\u0131r makinesi Fiyat Aral\u0131\u011f\u0131 \u0130stanbul b\u00f6lgesi temiz A S\u0131n\u0131f\u0131 ikinci el \u00e7ama\u015f\u0131r makinesi sat\u0131yoruz, Web sitemizden \u00fcr\u00fcnlere \u00c7ama\u015f\u0131r makineleri ve kurutucular Toptan teklifler \u00b7 Beyaz e\u015fya toptan sat\u0131\u015f\u0131<\/p>\n","protected":false},"featured_media":561,"template":"","meta":[],"product_brand":[],"product_cat":[30],"product_tag":[36],"class_list":{"0":"post-560","1":"product","2":"type-product","3":"status-publish","4":"has-post-thumbnail","6":"product_cat-ikinci-el-beyaz-esya","7":"product_tag-ikinci-el-camasir-makinesi","9":"first","10":"instock","11":"sale","12":"shipping-taxable","13":"purchasable","14":"product-type-simple"},"_links":{"self":[{"href":"https:\/\/mustispot.com\/urun\/wp-json\/wp\/v2\/product\/560","targetHints":{"allow":["GET"]}}],"collection":[{"href":"https:\/\/mustispot.com\/urun\/wp-json\/wp\/v2\/product"}],"about":[{"href":"https:\/\/mustispot.com\/urun\/wp-json\/wp\/v2\/types\/product"}],"wp:featuredmedia":[{"embeddable":true,"href":"https:\/\/mustispot.com\/urun\/wp-json\/wp\/v2\/media\/561"}],"wp:attachment":[{"href":"https:\/\/mustispot.com\/urun\/wp-json\/wp\/v2\/media?parent=560"}],"wp:term":[{"taxonomy":"product_brand","embeddable":true,"href":"https:\/\/mustispot.com\/urun\/wp-json\/wp\/v2\/product_brand?post=560"},{"taxonomy":"product_cat","embeddable":true,"href":"https:\/\/mustispot.com\/urun\/wp-json\/wp\/v2\/product_cat?post=560"},{"taxonomy":"product_tag","embeddable":true,"href":"https:\/\/mustispot.com\/urun\/wp-json\/wp\/v2\/product_tag?post=560"}],"curies":[{"name":"wp","href":"https:\/\/api.w.org\/{rel}","templated":true}]}}