{"id":543,"date":"2024-08-09T11:40:34","date_gmt":"2024-08-09T11:40:34","guid":{"rendered":"https:\/\/mustispot.com\/urun\/?post_type=product&#038;p=543"},"modified":"2024-08-09T11:40:34","modified_gmt":"2024-08-09T11:40:34","slug":"boyali-rulo-veya-trapez-sac-sifir-ayarinda-orjinal-malzeme","status":"publish","type":"product","link":"https:\/\/mustispot.com\/urun\/urun\/boyali-rulo-veya-trapez-sac-sifir-ayarinda-orjinal-malzeme\/","title":{"rendered":"Boyal\u0131 Rulo veya Trapez sac s\u0131f\u0131r ayar\u0131nda orjinal malzeme"},"content":{"rendered":"<p><img loading=\"lazy\" decoding=\"async\" src=\"https:\/\/mustispot.com\/urun\/wp-content\/uploads\/2024\/08\/Boyali-Rulo-veya-Trapez-sac-2.png\" alt=\"\" width=\"979\" height=\"630\" class=\"aligncenter size-full wp-image-544\" title=\"\" srcset=\"https:\/\/mustispot.com\/urun\/wp-content\/uploads\/2024\/08\/Boyali-Rulo-veya-Trapez-sac-2.png 979w, https:\/\/mustispot.com\/urun\/wp-content\/uploads\/2024\/08\/Boyali-Rulo-veya-Trapez-sac-2-300x193.png 300w, https:\/\/mustispot.com\/urun\/wp-content\/uploads\/2024\/08\/Boyali-Rulo-veya-Trapez-sac-2-768x494.png 768w, https:\/\/mustispot.com\/urun\/wp-content\/uploads\/2024\/08\/Boyali-Rulo-veya-Trapez-sac-2-600x386.png 600w\" sizes=\"auto, (max-width: 979px) 100vw, 979px\" \/><\/p>\n<p><img loading=\"lazy\" decoding=\"async\" src=\"https:\/\/mustispot.com\/urun\/wp-content\/uploads\/2024\/08\/Boyali-Rulo-veya-Trapez-sac-1.png\" alt=\"\" width=\"966\" height=\"629\" class=\"aligncenter size-full wp-image-545\" title=\"\" srcset=\"https:\/\/mustispot.com\/urun\/wp-content\/uploads\/2024\/08\/Boyali-Rulo-veya-Trapez-sac-1.png 966w, https:\/\/mustispot.com\/urun\/wp-content\/uploads\/2024\/08\/Boyali-Rulo-veya-Trapez-sac-1-300x195.png 300w, https:\/\/mustispot.com\/urun\/wp-content\/uploads\/2024\/08\/Boyali-Rulo-veya-Trapez-sac-1-768x500.png 768w, https:\/\/mustispot.com\/urun\/wp-content\/uploads\/2024\/08\/Boyali-Rulo-veya-Trapez-sac-1-600x391.png 600w\" sizes=\"auto, (max-width: 966px) 100vw, 966px\" \/><\/p>\n","protected":false},"excerpt":{"rendered":"<p><strong>Boyal\u0131 Rulo veya Trapez sac Boyal\u0131 rulo sac; galvaniz kaplama sayesinde Boyal\u0131 sac nerede kullan\u0131l\u0131r?<\/strong><br \/>\n<strong>1 rulo sac ka\u00e7 TL? <\/strong>Rulo Sac ne i\u015fe yarar?<br \/>\n5 metre trapez sac ne kadar? Boyal\u0131 Son \u00dcr\u00fcnler. Baz so\u011fuk sac \u00f6zellikleri ve \u00fczerine kaplanacak galvaniz miktar\u0131 d\u0131\u015f darbelere kar\u015f\u0131 dayan\u0131kl\u0131 olmakta ve bu ba\u011flamda uzun \u00f6m\u00fcrl\u00fc bir kullan\u0131m olana\u011f\u0131 sunmaktad\u0131r.<\/p>\n","protected":false},"featured_media":544,"template":"","meta":[],"product_brand":[],"product_cat":[33],"product_tag":[],"class_list":{"0":"post-543","1":"product","2":"type-product","3":"status-publish","4":"has-post-thumbnail","6":"product_cat-spot-defolu-esya","8":"first","9":"instock","10":"sale","11":"shipping-taxable","12":"purchasable","13":"product-type-simple"},"_links":{"self":[{"href":"https:\/\/mustispot.com\/urun\/wp-json\/wp\/v2\/product\/543","targetHints":{"allow":["GET"]}}],"collection":[{"href":"https:\/\/mustispot.com\/urun\/wp-json\/wp\/v2\/product"}],"about":[{"href":"https:\/\/mustispot.com\/urun\/wp-json\/wp\/v2\/types\/product"}],"wp:featuredmedia":[{"embeddable":true,"href":"https:\/\/mustispot.com\/urun\/wp-json\/wp\/v2\/media\/544"}],"wp:attachment":[{"href":"https:\/\/mustispot.com\/urun\/wp-json\/wp\/v2\/media?parent=543"}],"wp:term":[{"taxonomy":"product_brand","embeddable":true,"href":"https:\/\/mustispot.com\/urun\/wp-json\/wp\/v2\/product_brand?post=543"},{"taxonomy":"product_cat","embeddable":true,"href":"https:\/\/mustispot.com\/urun\/wp-json\/wp\/v2\/product_cat?post=543"},{"taxonomy":"product_tag","embeddable":true,"href":"https:\/\/mustispot.com\/urun\/wp-json\/wp\/v2\/product_tag?post=543"}],"curies":[{"name":"wp","href":"https:\/\/api.w.org\/{rel}","templated":true}]}}