{"id":534,"date":"2024-07-31T13:50:52","date_gmt":"2024-07-31T13:50:52","guid":{"rendered":"https:\/\/mustispot.com\/urun\/?post_type=product&#038;p=534"},"modified":"2024-07-31T13:50:52","modified_gmt":"2024-07-31T13:50:52","slug":"2-el-baymak-kombi-devirdaim-pompa-motoru","status":"publish","type":"product","link":"https:\/\/mustispot.com\/urun\/urun\/2-el-baymak-kombi-devirdaim-pompa-motoru\/","title":{"rendered":"2 EL BAYMAK KOMB\u0130 DEV\u0130RDA\u0130M POMPA MOTORU"},"content":{"rendered":"<p><img loading=\"lazy\" decoding=\"async\" src=\"https:\/\/mustispot.com\/urun\/wp-content\/uploads\/2024\/07\/2-EL-BAYMAK-KOMBI-DEVIRDAIM-POMPA-MOTORU-3.png\" alt=\"\" width=\"910\" height=\"630\" class=\"aligncenter size-full wp-image-535\" title=\"\" srcset=\"https:\/\/mustispot.com\/urun\/wp-content\/uploads\/2024\/07\/2-EL-BAYMAK-KOMBI-DEVIRDAIM-POMPA-MOTORU-3.png 910w, https:\/\/mustispot.com\/urun\/wp-content\/uploads\/2024\/07\/2-EL-BAYMAK-KOMBI-DEVIRDAIM-POMPA-MOTORU-3-300x208.png 300w, https:\/\/mustispot.com\/urun\/wp-content\/uploads\/2024\/07\/2-EL-BAYMAK-KOMBI-DEVIRDAIM-POMPA-MOTORU-3-768x532.png 768w, https:\/\/mustispot.com\/urun\/wp-content\/uploads\/2024\/07\/2-EL-BAYMAK-KOMBI-DEVIRDAIM-POMPA-MOTORU-3-600x415.png 600w\" sizes=\"auto, (max-width: 910px) 100vw, 910px\" \/><\/p>\n<p><img loading=\"lazy\" decoding=\"async\" src=\"https:\/\/mustispot.com\/urun\/wp-content\/uploads\/2024\/07\/2-EL-BAYMAK-KOMBI-DEVIRDAIM-POMPA-MOTORU-1.png\" alt=\"\" width=\"947\" height=\"626\" class=\"aligncenter size-full wp-image-536\" title=\"\" srcset=\"https:\/\/mustispot.com\/urun\/wp-content\/uploads\/2024\/07\/2-EL-BAYMAK-KOMBI-DEVIRDAIM-POMPA-MOTORU-1.png 947w, https:\/\/mustispot.com\/urun\/wp-content\/uploads\/2024\/07\/2-EL-BAYMAK-KOMBI-DEVIRDAIM-POMPA-MOTORU-1-300x198.png 300w, https:\/\/mustispot.com\/urun\/wp-content\/uploads\/2024\/07\/2-EL-BAYMAK-KOMBI-DEVIRDAIM-POMPA-MOTORU-1-768x508.png 768w, https:\/\/mustispot.com\/urun\/wp-content\/uploads\/2024\/07\/2-EL-BAYMAK-KOMBI-DEVIRDAIM-POMPA-MOTORU-1-600x397.png 600w\" sizes=\"auto, (max-width: 947px) 100vw, 947px\" \/><\/p>\n<p><img loading=\"lazy\" decoding=\"async\" src=\"https:\/\/mustispot.com\/urun\/wp-content\/uploads\/2024\/07\/2-EL-BAYMAK-KOMBI-DEVIRDAIM-POMPA-MOTORU-2.png\" alt=\"\" width=\"928\" height=\"620\" class=\"aligncenter size-full wp-image-537\" title=\"\" srcset=\"https:\/\/mustispot.com\/urun\/wp-content\/uploads\/2024\/07\/2-EL-BAYMAK-KOMBI-DEVIRDAIM-POMPA-MOTORU-2.png 928w, https:\/\/mustispot.com\/urun\/wp-content\/uploads\/2024\/07\/2-EL-BAYMAK-KOMBI-DEVIRDAIM-POMPA-MOTORU-2-300x200.png 300w, https:\/\/mustispot.com\/urun\/wp-content\/uploads\/2024\/07\/2-EL-BAYMAK-KOMBI-DEVIRDAIM-POMPA-MOTORU-2-768x513.png 768w, https:\/\/mustispot.com\/urun\/wp-content\/uploads\/2024\/07\/2-EL-BAYMAK-KOMBI-DEVIRDAIM-POMPA-MOTORU-2-600x401.png 600w\" sizes=\"auto, (max-width: 928px) 100vw, 928px\" \/><\/p>\n","protected":false},"excerpt":{"rendered":"<p>2 EL BAYMAK KOMB\u0130 DEV\u0130RDA\u0130M POMPA MOTORU Full kapsam Is\u0131tma, So\u011futma, Havaland\u0131rma Ekipman ve Yedek Par\u00e7a Modelleri, ikinci el ve s\u0131f\u0131r garantili, t\u00fcm bak\u0131mlar\u0131 yap\u0131lm\u0131\u015f ikinci el kombiler. H\u0131zl\u0131 teslim. T\u00fcrkiye&#8217;nin en b\u00fcy\u00fck 2. el kombi Kombi devirdaim pompa motoru, kombi sisteminde suyun dola\u015f\u0131m\u0131n\u0131 sa\u011flayan sat\u0131c\u0131s\u0131ndan garantili kombi sahibi olun.<\/p>\n","protected":false},"featured_media":536,"template":"","meta":[],"product_brand":[],"product_cat":[30],"product_tag":[],"class_list":{"0":"post-534","1":"product","2":"type-product","3":"status-publish","4":"has-post-thumbnail","6":"product_cat-ikinci-el-beyaz-esya","8":"first","9":"instock","10":"sale","11":"shipping-taxable","12":"purchasable","13":"product-type-simple"},"_links":{"self":[{"href":"https:\/\/mustispot.com\/urun\/wp-json\/wp\/v2\/product\/534","targetHints":{"allow":["GET"]}}],"collection":[{"href":"https:\/\/mustispot.com\/urun\/wp-json\/wp\/v2\/product"}],"about":[{"href":"https:\/\/mustispot.com\/urun\/wp-json\/wp\/v2\/types\/product"}],"wp:featuredmedia":[{"embeddable":true,"href":"https:\/\/mustispot.com\/urun\/wp-json\/wp\/v2\/media\/536"}],"wp:attachment":[{"href":"https:\/\/mustispot.com\/urun\/wp-json\/wp\/v2\/media?parent=534"}],"wp:term":[{"taxonomy":"product_brand","embeddable":true,"href":"https:\/\/mustispot.com\/urun\/wp-json\/wp\/v2\/product_brand?post=534"},{"taxonomy":"product_cat","embeddable":true,"href":"https:\/\/mustispot.com\/urun\/wp-json\/wp\/v2\/product_cat?post=534"},{"taxonomy":"product_tag","embeddable":true,"href":"https:\/\/mustispot.com\/urun\/wp-json\/wp\/v2\/product_tag?post=534"}],"curies":[{"name":"wp","href":"https:\/\/api.w.org\/{rel}","templated":true}]}}