{"id":488,"date":"2024-06-12T13:27:12","date_gmt":"2024-06-12T13:27:12","guid":{"rendered":"https:\/\/mustispot.com\/urun\/?post_type=product&#038;p=488"},"modified":"2024-06-12T13:27:12","modified_gmt":"2024-06-12T13:27:12","slug":"cikma-laminat-parke-120-metrekare-temiz-ikinci-es-parkeler","status":"publish","type":"product","link":"https:\/\/mustispot.com\/urun\/urun\/cikma-laminat-parke-120-metrekare-temiz-ikinci-es-parkeler\/","title":{"rendered":"\u00c7\u0131kma laminat parke 120 metrekare temiz ikinci e\u015f parkeler"},"content":{"rendered":"<div id=\"attachment_489\" style=\"width: 764px\" class=\"wp-caption aligncenter\"><img loading=\"lazy\" decoding=\"async\" aria-describedby=\"caption-attachment-489\" class=\"wp-image-489 size-full\" title=\"\u00e7\u0131kma laminat parke\" src=\"https:\/\/mustispot.com\/urun\/wp-content\/uploads\/2024\/06\/cikma-laminat-parke-1.png\" alt=\"\" width=\"754\" height=\"633\" srcset=\"https:\/\/mustispot.com\/urun\/wp-content\/uploads\/2024\/06\/cikma-laminat-parke-1.png 754w, https:\/\/mustispot.com\/urun\/wp-content\/uploads\/2024\/06\/cikma-laminat-parke-1-300x252.png 300w, https:\/\/mustispot.com\/urun\/wp-content\/uploads\/2024\/06\/cikma-laminat-parke-1-600x504.png 600w\" sizes=\"auto, (max-width: 754px) 100vw, 754px\" \/><p id=\"caption-attachment-489\" class=\"wp-caption-text\">\u00e7\u0131kma laminat parke<\/p><\/div>\n<p><img loading=\"lazy\" decoding=\"async\" class=\"aligncenter size-full wp-image-490\" src=\"https:\/\/mustispot.com\/urun\/wp-content\/uploads\/2024\/06\/cikma-laminat-parke-2.png\" alt=\"\" width=\"924\" height=\"630\" title=\"\" srcset=\"https:\/\/mustispot.com\/urun\/wp-content\/uploads\/2024\/06\/cikma-laminat-parke-2.png 924w, https:\/\/mustispot.com\/urun\/wp-content\/uploads\/2024\/06\/cikma-laminat-parke-2-300x205.png 300w, https:\/\/mustispot.com\/urun\/wp-content\/uploads\/2024\/06\/cikma-laminat-parke-2-768x524.png 768w, https:\/\/mustispot.com\/urun\/wp-content\/uploads\/2024\/06\/cikma-laminat-parke-2-600x409.png 600w\" sizes=\"auto, (max-width: 924px) 100vw, 924px\" \/><\/p>\n","protected":false},"excerpt":{"rendered":"<p>\u00e7\u0131kma laminat parke Laminat parke yan\u0131nda her t\u00fcrl\u00fc s\u0131f\u0131r ve 1,2,3M2 ye kadar olan renkler var uygun verilecektir M2 fiyat\u0131 sadece parke &#8211; Dekorasyon. \u00c7\u0131kma parke ne demek?<br \/>\n10 metrekareye ka\u00e7 paket parke gider?<br \/>\nLaminat parke metrekaresi ka\u00e7a d\u00f6\u015fenir?<br \/>\n ikinci el malzeme i\u00e7in sahibinden.com size en iyisini sunmak i\u00e7in \u00e7al\u0131\u015f\u0131yor. Parkeler Kullan\u0131ma G\u00f6re Nas\u0131l Se\u00e7ilir? Merhaba arkada\u015flar grubumuz da Defolu ve \u00c7\u0131kma laminant parke satan ve arayan arkada\u015flar <\/p>\n","protected":false},"featured_media":490,"template":"","meta":[],"product_brand":[],"product_cat":[32],"product_tag":[],"class_list":{"0":"post-488","1":"product","2":"type-product","3":"status-publish","4":"has-post-thumbnail","6":"product_cat-ikinci-el-mobilya","8":"first","9":"instock","10":"sale","11":"shipping-taxable","12":"purchasable","13":"product-type-simple"},"_links":{"self":[{"href":"https:\/\/mustispot.com\/urun\/wp-json\/wp\/v2\/product\/488","targetHints":{"allow":["GET"]}}],"collection":[{"href":"https:\/\/mustispot.com\/urun\/wp-json\/wp\/v2\/product"}],"about":[{"href":"https:\/\/mustispot.com\/urun\/wp-json\/wp\/v2\/types\/product"}],"wp:featuredmedia":[{"embeddable":true,"href":"https:\/\/mustispot.com\/urun\/wp-json\/wp\/v2\/media\/490"}],"wp:attachment":[{"href":"https:\/\/mustispot.com\/urun\/wp-json\/wp\/v2\/media?parent=488"}],"wp:term":[{"taxonomy":"product_brand","embeddable":true,"href":"https:\/\/mustispot.com\/urun\/wp-json\/wp\/v2\/product_brand?post=488"},{"taxonomy":"product_cat","embeddable":true,"href":"https:\/\/mustispot.com\/urun\/wp-json\/wp\/v2\/product_cat?post=488"},{"taxonomy":"product_tag","embeddable":true,"href":"https:\/\/mustispot.com\/urun\/wp-json\/wp\/v2\/product_tag?post=488"}],"curies":[{"name":"wp","href":"https:\/\/api.w.org\/{rel}","templated":true}]}}