{"id":483,"date":"2024-06-08T07:53:42","date_gmt":"2024-06-08T07:53:42","guid":{"rendered":"https:\/\/mustispot.com\/urun\/?post_type=product&#038;p=483"},"modified":"2024-06-08T07:53:43","modified_gmt":"2024-06-08T07:53:43","slug":"cikma-seat-leon-2015-kalorifer-petegi","status":"publish","type":"product","link":"https:\/\/mustispot.com\/urun\/urun\/cikma-seat-leon-2015-kalorifer-petegi\/","title":{"rendered":"\u00c7\u0131kma Seat Leon 2015 kalorifer pete\u011fi"},"content":{"rendered":"<p><img loading=\"lazy\" decoding=\"async\" src=\"https:\/\/mustispot.com\/urun\/wp-content\/uploads\/2024\/06\/Seat-Leon-2015-kalorifer-petegi-1.png\" alt=\"\" width=\"553\" height=\"630\" class=\"aligncenter size-full wp-image-484\" title=\"\" srcset=\"https:\/\/mustispot.com\/urun\/wp-content\/uploads\/2024\/06\/Seat-Leon-2015-kalorifer-petegi-1.png 553w, https:\/\/mustispot.com\/urun\/wp-content\/uploads\/2024\/06\/Seat-Leon-2015-kalorifer-petegi-1-263x300.png 263w\" sizes=\"auto, (max-width: 553px) 100vw, 553px\" \/><\/p>\n<p><img loading=\"lazy\" decoding=\"async\" src=\"https:\/\/mustispot.com\/urun\/wp-content\/uploads\/2024\/06\/Seat-Leon-2015-kalorifer-petegi-2.png\" alt=\"\" width=\"664\" height=\"632\" class=\"aligncenter size-full wp-image-485\" title=\"\" srcset=\"https:\/\/mustispot.com\/urun\/wp-content\/uploads\/2024\/06\/Seat-Leon-2015-kalorifer-petegi-2.png 664w, https:\/\/mustispot.com\/urun\/wp-content\/uploads\/2024\/06\/Seat-Leon-2015-kalorifer-petegi-2-300x286.png 300w, https:\/\/mustispot.com\/urun\/wp-content\/uploads\/2024\/06\/Seat-Leon-2015-kalorifer-petegi-2-600x571.png 600w\" sizes=\"auto, (max-width: 664px) 100vw, 664px\" \/><\/p>\n<p><img loading=\"lazy\" decoding=\"async\" src=\"https:\/\/mustispot.com\/urun\/wp-content\/uploads\/2024\/06\/Seat-Leon-2015-kalorifer-petegi-3.png\" alt=\"\" width=\"991\" height=\"555\" class=\"aligncenter size-full wp-image-486\" title=\"\" srcset=\"https:\/\/mustispot.com\/urun\/wp-content\/uploads\/2024\/06\/Seat-Leon-2015-kalorifer-petegi-3.png 991w, https:\/\/mustispot.com\/urun\/wp-content\/uploads\/2024\/06\/Seat-Leon-2015-kalorifer-petegi-3-300x168.png 300w, https:\/\/mustispot.com\/urun\/wp-content\/uploads\/2024\/06\/Seat-Leon-2015-kalorifer-petegi-3-768x430.png 768w, https:\/\/mustispot.com\/urun\/wp-content\/uploads\/2024\/06\/Seat-Leon-2015-kalorifer-petegi-3-600x336.png 600w\" sizes=\"auto, (max-width: 991px) 100vw, 991px\" \/><\/p>\n","protected":false},"excerpt":{"rendered":"<p><strong>Seat Leon 2015 kalorifer pete\u011fi Seat Leon Kalorifer Radyat\u00f6r\u00fc Pete\u011fi<\/strong> VALEO Marka Orijinal \u00dcreticidir. 2013 Sonras\u0131 Modellere Uyumludur. Sat\u0131n Ald\u0131\u011f\u0131n\u0131z Seat Leon 2013 Model Sonras\u0131 Kalorifer Radyat\u00f6r\u00fc, 2.916,63 TL. Bu \u00fcr\u00fcn\u00fc kredi kart\u0131na taksit kolayl\u0131\u011f\u0131 ile sat\u0131n alabilirsiniz. En ucuz Seat Leon Kalorifer Radyat\u00f6r\u00fc [Kale] (1J1819031B) fiyatlar\u0131 i\u00e7in Yedek Par\u00e7alar\u0131n Uyumluluk Kontrol\u00fc Seat Leon Kalorifer Radyat\u00f6r\u00fc Pete\u011fi KALE. 1.298,60 TL. Seat Leon Kalorifer Radyat\u00f6r\u00fc Pete\u011fi BEHR. BEHR Seat Leon Kalorifer Radyat\u00f6r\u00fc Fiyatlar\u0131 orjinal ve yan sanayi Kalorifer Radyat\u00f6r\u00fc<\/p>\n","protected":false},"featured_media":485,"template":"","meta":[],"product_brand":[],"product_cat":[15],"product_tag":[],"class_list":{"0":"post-483","1":"product","2":"type-product","3":"status-publish","4":"has-post-thumbnail","6":"product_cat-ikinci-el-esya","8":"first","9":"instock","10":"sale","11":"shipping-taxable","12":"purchasable","13":"product-type-simple"},"_links":{"self":[{"href":"https:\/\/mustispot.com\/urun\/wp-json\/wp\/v2\/product\/483","targetHints":{"allow":["GET"]}}],"collection":[{"href":"https:\/\/mustispot.com\/urun\/wp-json\/wp\/v2\/product"}],"about":[{"href":"https:\/\/mustispot.com\/urun\/wp-json\/wp\/v2\/types\/product"}],"wp:featuredmedia":[{"embeddable":true,"href":"https:\/\/mustispot.com\/urun\/wp-json\/wp\/v2\/media\/485"}],"wp:attachment":[{"href":"https:\/\/mustispot.com\/urun\/wp-json\/wp\/v2\/media?parent=483"}],"wp:term":[{"taxonomy":"product_brand","embeddable":true,"href":"https:\/\/mustispot.com\/urun\/wp-json\/wp\/v2\/product_brand?post=483"},{"taxonomy":"product_cat","embeddable":true,"href":"https:\/\/mustispot.com\/urun\/wp-json\/wp\/v2\/product_cat?post=483"},{"taxonomy":"product_tag","embeddable":true,"href":"https:\/\/mustispot.com\/urun\/wp-json\/wp\/v2\/product_tag?post=483"}],"curies":[{"name":"wp","href":"https:\/\/api.w.org\/{rel}","templated":true}]}}