{"id":476,"date":"2024-05-29T12:01:26","date_gmt":"2024-05-29T12:01:26","guid":{"rendered":"https:\/\/mustispot.com\/urun\/?post_type=product&#038;p=476"},"modified":"2024-05-29T12:01:37","modified_gmt":"2024-05-29T12:01:37","slug":"sahibinden-camasir-makinesi-motoru-cikma-camasir-makinesi-motoru","status":"publish","type":"product","link":"https:\/\/mustispot.com\/urun\/urun\/sahibinden-camasir-makinesi-motoru-cikma-camasir-makinesi-motoru\/","title":{"rendered":"Sahibinden \u00c7ama\u015f\u0131r Makinesi Motoru \u00e7\u0131kma \u00e7ama\u015f\u0131r makinesi motoru"},"content":{"rendered":"<p><img loading=\"lazy\" decoding=\"async\" class=\"aligncenter size-full wp-image-477\" src=\"https:\/\/mustispot.com\/urun\/wp-content\/uploads\/2024\/05\/cikma-camasir-makinesi-motoru-2.png\" alt=\"\" width=\"635\" height=\"635\" title=\"\" srcset=\"https:\/\/mustispot.com\/urun\/wp-content\/uploads\/2024\/05\/cikma-camasir-makinesi-motoru-2.png 635w, https:\/\/mustispot.com\/urun\/wp-content\/uploads\/2024\/05\/cikma-camasir-makinesi-motoru-2-300x300.png 300w, https:\/\/mustispot.com\/urun\/wp-content\/uploads\/2024\/05\/cikma-camasir-makinesi-motoru-2-150x150.png 150w, https:\/\/mustispot.com\/urun\/wp-content\/uploads\/2024\/05\/cikma-camasir-makinesi-motoru-2-600x600.png 600w, https:\/\/mustispot.com\/urun\/wp-content\/uploads\/2024\/05\/cikma-camasir-makinesi-motoru-2-100x100.png 100w\" sizes=\"auto, (max-width: 635px) 100vw, 635px\" \/><\/p>\n<p><img loading=\"lazy\" decoding=\"async\" class=\"aligncenter size-full wp-image-478\" src=\"https:\/\/mustispot.com\/urun\/wp-content\/uploads\/2024\/05\/cikma-camasir-makinesi-motoru-1.png\" alt=\"\" width=\"788\" height=\"593\" title=\"\" srcset=\"https:\/\/mustispot.com\/urun\/wp-content\/uploads\/2024\/05\/cikma-camasir-makinesi-motoru-1.png 788w, https:\/\/mustispot.com\/urun\/wp-content\/uploads\/2024\/05\/cikma-camasir-makinesi-motoru-1-300x226.png 300w, https:\/\/mustispot.com\/urun\/wp-content\/uploads\/2024\/05\/cikma-camasir-makinesi-motoru-1-768x578.png 768w, https:\/\/mustispot.com\/urun\/wp-content\/uploads\/2024\/05\/cikma-camasir-makinesi-motoru-1-160x120.png 160w, https:\/\/mustispot.com\/urun\/wp-content\/uploads\/2024\/05\/cikma-camasir-makinesi-motoru-1-600x452.png 600w\" sizes=\"auto, (max-width: 788px) 100vw, 788px\" \/><\/p>\n","protected":false},"excerpt":{"rendered":"<p>\u00e7\u0131kma \u00e7ama\u015f\u0131r makinesi motoru <strong>Ar\u00e7elik \u00e7ama\u015f\u0131r makinesi su tahliye pompas\u0131<\/strong> uygun fiyat ve kalitede \u00e7ama\u015f\u0131r makinesi motoru y\u0131kama yedek par\u00e7alar\u0131 patlad\u0131 d\u00f6nm\u00fcyor Orjinal \u00c7ama\u015f\u0131r Makinesi Su Giri\u015f-\u00c7\u0131k\u0131\u015f Hortumu \u00b7 Miele \u00e7ama\u015f\u0131r makinas\u0131 motoru \u00e7ama\u015f\u0131r makinesi motoru elektrik motor 220v ac 370w 14500 devir hoover vision hd \u00c7ama\u015f\u0131r Makinesi Aksesuar \u00c7ama\u015f\u0131r makinesi pompa motoru. s\u0131v\u0131lar\u0131 ta\u015f\u0131ma g\u00f6revini yerine getirir. Bu mekanizma. d\u00fc\u015f\u00fck<\/p>\n","protected":false},"featured_media":478,"template":"","meta":[],"product_brand":[],"product_cat":[30],"product_tag":[36],"class_list":{"0":"post-476","1":"product","2":"type-product","3":"status-publish","4":"has-post-thumbnail","6":"product_cat-ikinci-el-beyaz-esya","7":"product_tag-ikinci-el-camasir-makinesi","9":"first","10":"instock","11":"sale","12":"shipping-taxable","13":"purchasable","14":"product-type-simple"},"_links":{"self":[{"href":"https:\/\/mustispot.com\/urun\/wp-json\/wp\/v2\/product\/476","targetHints":{"allow":["GET"]}}],"collection":[{"href":"https:\/\/mustispot.com\/urun\/wp-json\/wp\/v2\/product"}],"about":[{"href":"https:\/\/mustispot.com\/urun\/wp-json\/wp\/v2\/types\/product"}],"wp:featuredmedia":[{"embeddable":true,"href":"https:\/\/mustispot.com\/urun\/wp-json\/wp\/v2\/media\/478"}],"wp:attachment":[{"href":"https:\/\/mustispot.com\/urun\/wp-json\/wp\/v2\/media?parent=476"}],"wp:term":[{"taxonomy":"product_brand","embeddable":true,"href":"https:\/\/mustispot.com\/urun\/wp-json\/wp\/v2\/product_brand?post=476"},{"taxonomy":"product_cat","embeddable":true,"href":"https:\/\/mustispot.com\/urun\/wp-json\/wp\/v2\/product_cat?post=476"},{"taxonomy":"product_tag","embeddable":true,"href":"https:\/\/mustispot.com\/urun\/wp-json\/wp\/v2\/product_tag?post=476"}],"curies":[{"name":"wp","href":"https:\/\/api.w.org\/{rel}","templated":true}]}}