{"id":470,"date":"2024-05-29T11:52:56","date_gmt":"2024-05-29T11:52:56","guid":{"rendered":"https:\/\/mustispot.com\/urun\/?post_type=product&#038;p=470"},"modified":"2024-05-29T11:52:56","modified_gmt":"2024-05-29T11:52:56","slug":"cikma-sac-pano-saglam-temiz-sac-panolar-50x100-sac-pano-fiyatlari","status":"publish","type":"product","link":"https:\/\/mustispot.com\/urun\/urun\/cikma-sac-pano-saglam-temiz-sac-panolar-50x100-sac-pano-fiyatlari\/","title":{"rendered":"\u00c7\u0131kma sac pano sa\u011flam temiz sa\u00e7 panolar 50X100 Sac PANO Fiyatlar\u0131"},"content":{"rendered":"<p><img loading=\"lazy\" decoding=\"async\" class=\"aligncenter size-full wp-image-471\" src=\"https:\/\/mustispot.com\/urun\/wp-content\/uploads\/2024\/05\/Cikma-sac-pano-1.png\" alt=\"\" width=\"863\" height=\"627\" title=\"\" srcset=\"https:\/\/mustispot.com\/urun\/wp-content\/uploads\/2024\/05\/Cikma-sac-pano-1.png 863w, https:\/\/mustispot.com\/urun\/wp-content\/uploads\/2024\/05\/Cikma-sac-pano-1-300x218.png 300w, https:\/\/mustispot.com\/urun\/wp-content\/uploads\/2024\/05\/Cikma-sac-pano-1-768x558.png 768w, https:\/\/mustispot.com\/urun\/wp-content\/uploads\/2024\/05\/Cikma-sac-pano-1-600x436.png 600w\" sizes=\"auto, (max-width: 863px) 100vw, 863px\" \/> <img loading=\"lazy\" decoding=\"async\" class=\"aligncenter size-full wp-image-472\" src=\"https:\/\/mustispot.com\/urun\/wp-content\/uploads\/2024\/05\/Cikma-sac-pano-2.png\" alt=\"\" width=\"863\" height=\"632\" title=\"\" srcset=\"https:\/\/mustispot.com\/urun\/wp-content\/uploads\/2024\/05\/Cikma-sac-pano-2.png 863w, https:\/\/mustispot.com\/urun\/wp-content\/uploads\/2024\/05\/Cikma-sac-pano-2-300x220.png 300w, https:\/\/mustispot.com\/urun\/wp-content\/uploads\/2024\/05\/Cikma-sac-pano-2-768x562.png 768w, https:\/\/mustispot.com\/urun\/wp-content\/uploads\/2024\/05\/Cikma-sac-pano-2-600x439.png 600w\" sizes=\"auto, (max-width: 863px) 100vw, 863px\" \/><\/p>\n","protected":false},"excerpt":{"rendered":"<p>\u00c7\u0131kma sac pano \u00c7\u0131kma sac pano sa\u011flam temiz sa\u00e7 panolar K<strong>ULLANICIDAN SA\u00c7 PANO (D\u00d6\u015eEME PANOSU).<\/strong> Tek blok sa\u00e7tan \u00e7ift atk\u0131l\u0131 olarak \u00fcretilen panodaki TEM\u0130Z 2.EL PANO SAC KALIP MALZEMELER\u0130 &#8211; \u0130kinci El sanayi makineleri ve end\u00fcstri ekipmanlar\u0131 uygun fiyatlar\u0131yla \u0130n\u015faat Malzemeleri g\u00fcvencesiyle S\u0131f\u0131r ve 2.el sa\u00e7 panolar\u0131n\u0131z en y\u00fcksek fiyattan al\u0131n\u0131r, en uygun fiyatlar ile sat\u0131l\u0131r.<\/p>\n","protected":false},"featured_media":472,"template":"","meta":[],"product_brand":[],"product_cat":[15],"product_tag":[],"class_list":{"0":"post-470","1":"product","2":"type-product","3":"status-publish","4":"has-post-thumbnail","6":"product_cat-ikinci-el-esya","8":"first","9":"instock","10":"sale","11":"shipping-taxable","12":"purchasable","13":"product-type-simple"},"_links":{"self":[{"href":"https:\/\/mustispot.com\/urun\/wp-json\/wp\/v2\/product\/470","targetHints":{"allow":["GET"]}}],"collection":[{"href":"https:\/\/mustispot.com\/urun\/wp-json\/wp\/v2\/product"}],"about":[{"href":"https:\/\/mustispot.com\/urun\/wp-json\/wp\/v2\/types\/product"}],"wp:featuredmedia":[{"embeddable":true,"href":"https:\/\/mustispot.com\/urun\/wp-json\/wp\/v2\/media\/472"}],"wp:attachment":[{"href":"https:\/\/mustispot.com\/urun\/wp-json\/wp\/v2\/media?parent=470"}],"wp:term":[{"taxonomy":"product_brand","embeddable":true,"href":"https:\/\/mustispot.com\/urun\/wp-json\/wp\/v2\/product_brand?post=470"},{"taxonomy":"product_cat","embeddable":true,"href":"https:\/\/mustispot.com\/urun\/wp-json\/wp\/v2\/product_cat?post=470"},{"taxonomy":"product_tag","embeddable":true,"href":"https:\/\/mustispot.com\/urun\/wp-json\/wp\/v2\/product_tag?post=470"}],"curies":[{"name":"wp","href":"https:\/\/api.w.org\/{rel}","templated":true}]}}