{"id":425,"date":"2024-05-28T14:00:01","date_gmt":"2024-05-28T14:00:01","guid":{"rendered":"https:\/\/mustispot.com\/urun\/?post_type=product&#038;p=425"},"modified":"2024-05-28T14:00:01","modified_gmt":"2024-05-28T14:00:01","slug":"ikea-ranza-modelleri-ve-fiyatlari-sahibinden-ikinci-el-ikea-ranza","status":"publish","type":"product","link":"https:\/\/mustispot.com\/urun\/urun\/ikea-ranza-modelleri-ve-fiyatlari-sahibinden-ikinci-el-ikea-ranza\/","title":{"rendered":"IKEA ranza Modelleri ve Fiyatlar\u0131 sahibinden ikinci el ikea ranza"},"content":{"rendered":"<p><img loading=\"lazy\" decoding=\"async\" class=\"aligncenter size-full wp-image-426\" src=\"https:\/\/mustispot.com\/urun\/wp-content\/uploads\/2024\/05\/ikinci-el-ikea-ranza-2.png\" alt=\"\" width=\"870\" height=\"629\" title=\"\" srcset=\"https:\/\/mustispot.com\/urun\/wp-content\/uploads\/2024\/05\/ikinci-el-ikea-ranza-2.png 870w, https:\/\/mustispot.com\/urun\/wp-content\/uploads\/2024\/05\/ikinci-el-ikea-ranza-2-300x217.png 300w, https:\/\/mustispot.com\/urun\/wp-content\/uploads\/2024\/05\/ikinci-el-ikea-ranza-2-768x555.png 768w, https:\/\/mustispot.com\/urun\/wp-content\/uploads\/2024\/05\/ikinci-el-ikea-ranza-2-600x434.png 600w\" sizes=\"auto, (max-width: 870px) 100vw, 870px\" \/> <img loading=\"lazy\" decoding=\"async\" class=\"aligncenter size-full wp-image-427\" src=\"https:\/\/mustispot.com\/urun\/wp-content\/uploads\/2024\/05\/ikinci-el-ikea-ranza-1.png\" alt=\"\" width=\"783\" height=\"587\" title=\"\" srcset=\"https:\/\/mustispot.com\/urun\/wp-content\/uploads\/2024\/05\/ikinci-el-ikea-ranza-1.png 783w, https:\/\/mustispot.com\/urun\/wp-content\/uploads\/2024\/05\/ikinci-el-ikea-ranza-1-300x225.png 300w, https:\/\/mustispot.com\/urun\/wp-content\/uploads\/2024\/05\/ikinci-el-ikea-ranza-1-768x576.png 768w, https:\/\/mustispot.com\/urun\/wp-content\/uploads\/2024\/05\/ikinci-el-ikea-ranza-1-160x120.png 160w, https:\/\/mustispot.com\/urun\/wp-content\/uploads\/2024\/05\/ikinci-el-ikea-ranza-1-600x450.png 600w\" sizes=\"auto, (max-width: 783px) 100vw, 783px\" \/><\/p>\n","protected":false},"excerpt":{"rendered":"<p>ikinci el ikea ranza <em>\u0130kinci el<\/em>\u00a0ve s\u0131f\u0131r\u00a0<em>ranza<\/em> modelleri farkl\u0131 marka se\u00e7enekleri 2024 Ranza modellerini, \u00e7e\u015fitlerini ve kullananlar\u0131n yorumlar\u0131n\u0131 incele, ikinci el ranza &#8211; letgo IKEA ranza IKEA ranza Modelleri ve Fiyatlar\u0131 sahibinden 2.el ranzalar online \u00fcr\u00fcnlerini ke\u015ffet, 2. el Ikea \u00fcr\u00fcn Ikea gard\u0131rop marka se\u00e7enekleri ve uygun fiyatlarla Ikea \u00c7al\u0131\u015fma Masas\u0131 Ranza modelleri, Ranza en fazla ka\u00e7 kilo ta\u015f\u0131r? Birinci kat ve ikinci kat\u0131n d\u0131\u015f\u0131nda yavrulu ranza gerekti\u011finde \u00e7\u0131kar\u0131l\u0131p kullan\u0131l\u0131r. Ranzan\u0131n<\/p>\n","protected":false},"featured_media":427,"template":"","meta":[],"product_brand":[],"product_cat":[15],"product_tag":[35],"class_list":{"0":"post-425","1":"product","2":"type-product","3":"status-publish","4":"has-post-thumbnail","6":"product_cat-ikinci-el-esya","7":"product_tag-ikinci-el-ranza","9":"first","10":"instock","11":"sale","12":"shipping-taxable","13":"purchasable","14":"product-type-simple"},"_links":{"self":[{"href":"https:\/\/mustispot.com\/urun\/wp-json\/wp\/v2\/product\/425","targetHints":{"allow":["GET"]}}],"collection":[{"href":"https:\/\/mustispot.com\/urun\/wp-json\/wp\/v2\/product"}],"about":[{"href":"https:\/\/mustispot.com\/urun\/wp-json\/wp\/v2\/types\/product"}],"wp:featuredmedia":[{"embeddable":true,"href":"https:\/\/mustispot.com\/urun\/wp-json\/wp\/v2\/media\/427"}],"wp:attachment":[{"href":"https:\/\/mustispot.com\/urun\/wp-json\/wp\/v2\/media?parent=425"}],"wp:term":[{"taxonomy":"product_brand","embeddable":true,"href":"https:\/\/mustispot.com\/urun\/wp-json\/wp\/v2\/product_brand?post=425"},{"taxonomy":"product_cat","embeddable":true,"href":"https:\/\/mustispot.com\/urun\/wp-json\/wp\/v2\/product_cat?post=425"},{"taxonomy":"product_tag","embeddable":true,"href":"https:\/\/mustispot.com\/urun\/wp-json\/wp\/v2\/product_tag?post=425"}],"curies":[{"name":"wp","href":"https:\/\/api.w.org\/{rel}","templated":true}]}}