{"id":390,"date":"2024-05-27T15:46:16","date_gmt":"2024-05-27T15:46:16","guid":{"rendered":"https:\/\/mustispot.com\/urun\/?page_id=390"},"modified":"2024-07-22T15:06:50","modified_gmt":"2024-07-22T15:06:50","slug":"iletisim","status":"publish","type":"page","link":"https:\/\/mustispot.com\/urun\/iletisim\/","title":{"rendered":"ileti\u015fim"},"content":{"rendered":"<p><img loading=\"lazy\" decoding=\"async\" class=\"aligncenter size-full wp-image-391\" src=\"https:\/\/mustispot.com\/urun\/wp-content\/uploads\/2024\/05\/iletisim1.jpg\" alt=\"\" width=\"800\" height=\"500\" title=\"\" srcset=\"https:\/\/mustispot.com\/urun\/wp-content\/uploads\/2024\/05\/iletisim1.jpg 800w, https:\/\/mustispot.com\/urun\/wp-content\/uploads\/2024\/05\/iletisim1-300x188.jpg 300w, https:\/\/mustispot.com\/urun\/wp-content\/uploads\/2024\/05\/iletisim1-768x480.jpg 768w, https:\/\/mustispot.com\/urun\/wp-content\/uploads\/2024\/05\/iletisim1-600x375.jpg 600w\" sizes=\"auto, (max-width: 800px) 100vw, 800px\" \/><\/p>\n<div class=\"woocommerce columns-4 \"><ul class=\"products columns-4\">\n<li class=\"product type-product post-464 status-publish first instock product_cat-ikinci-el-mobilya product_tag-ikinci-el-elbise-dolabi has-post-thumbnail sale shipping-taxable purchasable product-type-simple\">\n\t<a href=\"https:\/\/mustispot.com\/urun\/urun\/2-cekmeceli-2-askili-tek-modul-iki-kapili-ikinci-el-istikbal-elbise-dolabi-iki-kapili\/\" class=\"woocommerce-LoopProduct-link woocommerce-loop-product__link\">\n\t<span class=\"onsale\">\u0130ndirim!<\/span>\n\t<img loading=\"lazy\" decoding=\"async\" width=\"300\" height=\"300\" src=\"https:\/\/mustispot.com\/urun\/wp-content\/uploads\/2024\/05\/ikinci-el-istikbal-elbise-dolabi-iki-kapili-1-300x300.png\" class=\"attachment-woocommerce_thumbnail size-woocommerce_thumbnail\" alt=\"2 \u00c7ekmeceli 2 Ask\u0131l\u0131 Tek Mod\u00fcl \u0130ki kap\u0131l\u0131 ikinci el istikbal elbise dolab\u0131 iki kap\u0131l\u0131\" srcset=\"https:\/\/mustispot.com\/urun\/wp-content\/uploads\/2024\/05\/ikinci-el-istikbal-elbise-dolabi-iki-kapili-1-300x300.png 300w, https:\/\/mustispot.com\/urun\/wp-content\/uploads\/2024\/05\/ikinci-el-istikbal-elbise-dolabi-iki-kapili-1-150x150.png 150w, https:\/\/mustispot.com\/urun\/wp-content\/uploads\/2024\/05\/ikinci-el-istikbal-elbise-dolabi-iki-kapili-1-100x100.png 100w\" sizes=\"auto, (max-width: 300px) 100vw, 300px\" title=\"\"><h2 class=\"woocommerce-loop-product__title\">2 \u00c7ekmeceli 2 Ask\u0131l\u0131 Tek Mod\u00fcl \u0130ki kap\u0131l\u0131 ikinci el istikbal elbise dolab\u0131 iki kap\u0131l\u0131<\/h2>\n\t<span class=\"price\"><del aria-hidden=\"true\"><span class=\"woocommerce-Price-amount amount\"><bdi><span class=\"woocommerce-Price-currencySymbol\">&#8378;<\/span>800.00<\/bdi><\/span><\/del> <span class=\"screen-reader-text\">Orijinal fiyat: &#8378;800.00.<\/span><ins aria-hidden=\"true\"><span class=\"woocommerce-Price-amount amount\"><bdi><span class=\"woocommerce-Price-currencySymbol\">&#8378;<\/span>700.00<\/bdi><\/span><\/ins><span class=\"screen-reader-text\">\u015eu andaki fiyat: &#8378;700.00.<\/span><\/span>\n<div class=\"archive-product-categories text-center\"><a href=\"https:\/\/mustispot.com\/urun\/urun-kategori\/ikinci-el-mobilya\/\" rel=\"tag\">ikinci el mobilya<\/a><\/div><\/a><a href=\"\/urun\/wp-json\/wp\/v2\/pages\/390?add-to-cart=464\" aria-describedby=\"woocommerce_loop_add_to_cart_link_describedby_464\" data-quantity=\"1\" class=\"button product_type_simple add_to_cart_button ajax_add_to_cart\" data-product_id=\"464\" data-product_sku=\"\" aria-label=\"Sepete ekle: \u201c2 \u00c7ekmeceli 2 Ask\u0131l\u0131 Tek Mod\u00fcl \u0130ki kap\u0131l\u0131 ikinci el istikbal elbise dolab\u0131 iki kap\u0131l\u0131\u201d\" rel=\"nofollow\" data-success_message=\"&quot;2 \u00c7ekmeceli 2 Ask\u0131l\u0131 Tek Mod\u00fcl \u0130ki kap\u0131l\u0131 ikinci el istikbal elbise dolab\u0131 iki kap\u0131l\u0131&quot; sepetinize eklendi\" role=\"button\">Sepete Ekle<\/a>\t<span id=\"woocommerce_loop_add_to_cart_link_describedby_464\" class=\"screen-reader-text\">\n\t\t\t<\/span>\n<\/li>\n<li class=\"product type-product post-534 status-publish instock product_cat-ikinci-el-beyaz-esya has-post-thumbnail sale shipping-taxable purchasable product-type-simple\">\n\t<a href=\"https:\/\/mustispot.com\/urun\/urun\/2-el-baymak-kombi-devirdaim-pompa-motoru\/\" class=\"woocommerce-LoopProduct-link woocommerce-loop-product__link\">\n\t<span class=\"onsale\">\u0130ndirim!<\/span>\n\t<img loading=\"lazy\" decoding=\"async\" width=\"300\" height=\"300\" src=\"https:\/\/mustispot.com\/urun\/wp-content\/uploads\/2024\/07\/2-EL-BAYMAK-KOMBI-DEVIRDAIM-POMPA-MOTORU-1-300x300.png\" class=\"attachment-woocommerce_thumbnail size-woocommerce_thumbnail\" alt=\"2 EL BAYMAK KOMB\u0130 DEV\u0130RDA\u0130M POMPA MOTORU\" srcset=\"https:\/\/mustispot.com\/urun\/wp-content\/uploads\/2024\/07\/2-EL-BAYMAK-KOMBI-DEVIRDAIM-POMPA-MOTORU-1-300x300.png 300w, https:\/\/mustispot.com\/urun\/wp-content\/uploads\/2024\/07\/2-EL-BAYMAK-KOMBI-DEVIRDAIM-POMPA-MOTORU-1-150x150.png 150w, https:\/\/mustispot.com\/urun\/wp-content\/uploads\/2024\/07\/2-EL-BAYMAK-KOMBI-DEVIRDAIM-POMPA-MOTORU-1-100x100.png 100w\" sizes=\"auto, (max-width: 300px) 100vw, 300px\" title=\"\"><h2 class=\"woocommerce-loop-product__title\">2 EL BAYMAK KOMB\u0130 DEV\u0130RDA\u0130M POMPA MOTORU<\/h2>\n\t<span class=\"price\"><del aria-hidden=\"true\"><span class=\"woocommerce-Price-amount amount\"><bdi><span class=\"woocommerce-Price-currencySymbol\">&#8378;<\/span>1,000.00<\/bdi><\/span><\/del> <span class=\"screen-reader-text\">Orijinal fiyat: &#8378;1,000.00.<\/span><ins aria-hidden=\"true\"><span class=\"woocommerce-Price-amount amount\"><bdi><span class=\"woocommerce-Price-currencySymbol\">&#8378;<\/span>950.00<\/bdi><\/span><\/ins><span class=\"screen-reader-text\">\u015eu andaki fiyat: &#8378;950.00.<\/span><\/span>\n<div class=\"archive-product-categories text-center\"><a href=\"https:\/\/mustispot.com\/urun\/urun-kategori\/ikinci-el-beyaz-esya\/\" rel=\"tag\">ikinci el beyaz e\u015fya<\/a><\/div><\/a><a href=\"\/urun\/wp-json\/wp\/v2\/pages\/390?add-to-cart=534\" aria-describedby=\"woocommerce_loop_add_to_cart_link_describedby_534\" data-quantity=\"1\" class=\"button product_type_simple add_to_cart_button ajax_add_to_cart\" data-product_id=\"534\" data-product_sku=\"\" aria-label=\"Sepete ekle: \u201c2 EL BAYMAK KOMB\u0130 DEV\u0130RDA\u0130M POMPA MOTORU\u201d\" rel=\"nofollow\" data-success_message=\"&quot;2 EL BAYMAK KOMB\u0130 DEV\u0130RDA\u0130M POMPA MOTORU&quot; sepetinize eklendi\" role=\"button\">Sepete Ekle<\/a>\t<span id=\"woocommerce_loop_add_to_cart_link_describedby_534\" class=\"screen-reader-text\">\n\t\t\t<\/span>\n<\/li>\n<li class=\"product type-product post-598 status-publish instock product_cat-ikinci-el-esya has-post-thumbnail sale shipping-taxable purchasable product-type-simple\">\n\t<a href=\"https:\/\/mustispot.com\/urun\/urun\/2-el-cati-makaslari-2-el-celik-cati-cikma-celik-konstruksiyon\/\" class=\"woocommerce-LoopProduct-link woocommerce-loop-product__link\">\n\t<span class=\"onsale\">\u0130ndirim!<\/span>\n\t<img loading=\"lazy\" decoding=\"async\" width=\"300\" height=\"300\" src=\"https:\/\/mustispot.com\/urun\/wp-content\/uploads\/2025\/08\/2-el-cati-makaslari-2-el-celik-cati-4-300x300.webp\" class=\"attachment-woocommerce_thumbnail size-woocommerce_thumbnail\" alt=\"2 el \u00e7at\u0131 makaslar\u0131 2 el \u00e7elik \u00e7at\u0131 \u00e7\u0131kma \u00e7elik konstr\u00fcksiyon\" srcset=\"https:\/\/mustispot.com\/urun\/wp-content\/uploads\/2025\/08\/2-el-cati-makaslari-2-el-celik-cati-4-300x300.webp 300w, https:\/\/mustispot.com\/urun\/wp-content\/uploads\/2025\/08\/2-el-cati-makaslari-2-el-celik-cati-4-150x150.webp 150w, https:\/\/mustispot.com\/urun\/wp-content\/uploads\/2025\/08\/2-el-cati-makaslari-2-el-celik-cati-4-100x100.webp 100w\" sizes=\"auto, (max-width: 300px) 100vw, 300px\" title=\"\"><h2 class=\"woocommerce-loop-product__title\">2 el \u00e7at\u0131 makaslar\u0131 2 el \u00e7elik \u00e7at\u0131 \u00e7\u0131kma \u00e7elik konstr\u00fcksiyon<\/h2>\n\t<span class=\"price\"><del aria-hidden=\"true\"><span class=\"woocommerce-Price-amount amount\"><bdi><span class=\"woocommerce-Price-currencySymbol\">&#8378;<\/span>1,250.00<\/bdi><\/span><\/del> <span class=\"screen-reader-text\">Orijinal fiyat: &#8378;1,250.00.<\/span><ins aria-hidden=\"true\"><span class=\"woocommerce-Price-amount amount\"><bdi><span class=\"woocommerce-Price-currencySymbol\">&#8378;<\/span>1,000.00<\/bdi><\/span><\/ins><span class=\"screen-reader-text\">\u015eu andaki fiyat: &#8378;1,000.00.<\/span><\/span>\n<div class=\"archive-product-categories text-center\"><a href=\"https:\/\/mustispot.com\/urun\/urun-kategori\/ikinci-el-esya\/\" rel=\"tag\">ikinci el e\u015fya<\/a><\/div><\/a><a href=\"\/urun\/wp-json\/wp\/v2\/pages\/390?add-to-cart=598\" aria-describedby=\"woocommerce_loop_add_to_cart_link_describedby_598\" data-quantity=\"1\" class=\"button product_type_simple add_to_cart_button ajax_add_to_cart\" data-product_id=\"598\" data-product_sku=\"\" aria-label=\"Sepete ekle: \u201c2 el \u00e7at\u0131 makaslar\u0131 2 el \u00e7elik \u00e7at\u0131 \u00e7\u0131kma \u00e7elik konstr\u00fcksiyon\u201d\" rel=\"nofollow\" data-success_message=\"&quot;2 el \u00e7at\u0131 makaslar\u0131 2 el \u00e7elik \u00e7at\u0131 \u00e7\u0131kma \u00e7elik konstr\u00fcksiyon&quot; sepetinize eklendi\" role=\"button\">Sepete Ekle<\/a>\t<span id=\"woocommerce_loop_add_to_cart_link_describedby_598\" class=\"screen-reader-text\">\n\t\t\t<\/span>\n<\/li>\n<li class=\"product type-product post-551 status-publish last instock product_cat-ikinci-el-esya has-post-thumbnail sale shipping-taxable purchasable product-type-simple\">\n\t<a href=\"https:\/\/mustispot.com\/urun\/urun\/2-el-prefabrik-panel-betopan-saglam-kaliteli\/\" class=\"woocommerce-LoopProduct-link woocommerce-loop-product__link\">\n\t<span class=\"onsale\">\u0130ndirim!<\/span>\n\t<img loading=\"lazy\" decoding=\"async\" width=\"300\" height=\"300\" src=\"https:\/\/mustispot.com\/urun\/wp-content\/uploads\/2024\/08\/2.el-prefabrik-panel-1-300x300.png\" class=\"attachment-woocommerce_thumbnail size-woocommerce_thumbnail\" alt=\"2.el prefabrik panel (betopan sa\u011flam kaliteli)\" srcset=\"https:\/\/mustispot.com\/urun\/wp-content\/uploads\/2024\/08\/2.el-prefabrik-panel-1-300x300.png 300w, https:\/\/mustispot.com\/urun\/wp-content\/uploads\/2024\/08\/2.el-prefabrik-panel-1-150x150.png 150w, https:\/\/mustispot.com\/urun\/wp-content\/uploads\/2024\/08\/2.el-prefabrik-panel-1-100x100.png 100w\" sizes=\"auto, (max-width: 300px) 100vw, 300px\" title=\"\"><h2 class=\"woocommerce-loop-product__title\">2.el prefabrik panel (betopan sa\u011flam kaliteli)<\/h2>\n\t<span class=\"price\"><del aria-hidden=\"true\"><span class=\"woocommerce-Price-amount amount\"><bdi><span class=\"woocommerce-Price-currencySymbol\">&#8378;<\/span>2,500.00<\/bdi><\/span><\/del> <span class=\"screen-reader-text\">Orijinal fiyat: &#8378;2,500.00.<\/span><ins aria-hidden=\"true\"><span class=\"woocommerce-Price-amount amount\"><bdi><span class=\"woocommerce-Price-currencySymbol\">&#8378;<\/span>1,500.00<\/bdi><\/span><\/ins><span class=\"screen-reader-text\">\u015eu andaki fiyat: &#8378;1,500.00.<\/span><\/span>\n<div class=\"archive-product-categories text-center\"><a href=\"https:\/\/mustispot.com\/urun\/urun-kategori\/ikinci-el-esya\/\" rel=\"tag\">ikinci el e\u015fya<\/a><\/div><\/a><a href=\"\/urun\/wp-json\/wp\/v2\/pages\/390?add-to-cart=551\" aria-describedby=\"woocommerce_loop_add_to_cart_link_describedby_551\" data-quantity=\"1\" class=\"button product_type_simple add_to_cart_button ajax_add_to_cart\" data-product_id=\"551\" data-product_sku=\"\" aria-label=\"Sepete ekle: \u201c2.el prefabrik panel (betopan sa\u011flam kaliteli)\u201d\" rel=\"nofollow\" data-success_message=\"&quot;2.el prefabrik panel (betopan sa\u011flam kaliteli)&quot; sepetinize eklendi\" role=\"button\">Sepete Ekle<\/a>\t<span id=\"woocommerce_loop_add_to_cart_link_describedby_551\" class=\"screen-reader-text\">\n\t\t\t<\/span>\n<\/li>\n<li class=\"product type-product post-547 status-publish first instock product_cat-ikinci-el-is-makineleri product_cat-ikinci-el-esya has-post-thumbnail sale shipping-taxable purchasable product-type-simple\">\n\t<a href=\"https:\/\/mustispot.com\/urun\/urun\/200-luk-hea-12-metre-boy-saglam-sifir-gibi-yeni-durumda-sanayi-demiri\/\" class=\"woocommerce-LoopProduct-link woocommerce-loop-product__link\">\n\t<span class=\"onsale\">\u0130ndirim!<\/span>\n\t<img loading=\"lazy\" decoding=\"async\" width=\"300\" height=\"300\" src=\"https:\/\/mustispot.com\/urun\/wp-content\/uploads\/2024\/08\/200-Luk-HEA-12-metre-Boy-2-300x300.png\" class=\"attachment-woocommerce_thumbnail size-woocommerce_thumbnail\" alt=\"200 L\u00fck HEA 12 metre Boy sa\u011flam s\u0131f\u0131r gibi yeni durumda sanayi demiri\" srcset=\"https:\/\/mustispot.com\/urun\/wp-content\/uploads\/2024\/08\/200-Luk-HEA-12-metre-Boy-2-300x300.png 300w, https:\/\/mustispot.com\/urun\/wp-content\/uploads\/2024\/08\/200-Luk-HEA-12-metre-Boy-2-150x150.png 150w, https:\/\/mustispot.com\/urun\/wp-content\/uploads\/2024\/08\/200-Luk-HEA-12-metre-Boy-2-100x100.png 100w\" sizes=\"auto, (max-width: 300px) 100vw, 300px\" title=\"\"><h2 class=\"woocommerce-loop-product__title\">200 L\u00fck HEA 12 metre Boy sa\u011flam s\u0131f\u0131r gibi yeni durumda sanayi demiri<\/h2>\n\t<span class=\"price\"><del aria-hidden=\"true\"><span class=\"woocommerce-Price-amount amount\"><bdi><span class=\"woocommerce-Price-currencySymbol\">&#8378;<\/span>1,200.00<\/bdi><\/span><\/del> <span class=\"screen-reader-text\">Orijinal fiyat: &#8378;1,200.00.<\/span><ins aria-hidden=\"true\"><span class=\"woocommerce-Price-amount amount\"><bdi><span class=\"woocommerce-Price-currencySymbol\">&#8378;<\/span>1,000.00<\/bdi><\/span><\/ins><span class=\"screen-reader-text\">\u015eu andaki fiyat: &#8378;1,000.00.<\/span><\/span>\n<div class=\"archive-product-categories text-center\"><a href=\"https:\/\/mustispot.com\/urun\/urun-kategori\/ikinci-el-is-makineleri\/\" rel=\"tag\">ikinci el i\u015f makineleri<\/a>,<a href=\"https:\/\/mustispot.com\/urun\/urun-kategori\/ikinci-el-esya\/\" rel=\"tag\">ikinci el e\u015fya<\/a><\/div><\/a><a href=\"\/urun\/wp-json\/wp\/v2\/pages\/390?add-to-cart=547\" aria-describedby=\"woocommerce_loop_add_to_cart_link_describedby_547\" data-quantity=\"1\" class=\"button product_type_simple add_to_cart_button ajax_add_to_cart\" data-product_id=\"547\" data-product_sku=\"\" aria-label=\"Sepete ekle: \u201c200 L\u00fck HEA 12 metre Boy sa\u011flam s\u0131f\u0131r gibi yeni durumda sanayi demiri\u201d\" rel=\"nofollow\" data-success_message=\"&quot;200 L\u00fck HEA 12 metre Boy sa\u011flam s\u0131f\u0131r gibi yeni durumda sanayi demiri&quot; sepetinize eklendi\" role=\"button\">Sepete Ekle<\/a>\t<span id=\"woocommerce_loop_add_to_cart_link_describedby_547\" class=\"screen-reader-text\">\n\t\t\t<\/span>\n<\/li>\n<li class=\"product type-product post-615 status-publish instock product_cat-ikinci-el-is-makineleri has-post-thumbnail sale shipping-taxable purchasable product-type-simple\">\n\t<a href=\"https:\/\/mustispot.com\/urun\/urun\/300-kilo-kapasiteli-dijital-ikinci-el-teraziler\/\" class=\"woocommerce-LoopProduct-link woocommerce-loop-product__link\">\n\t<span class=\"onsale\">\u0130ndirim!<\/span>\n\t<img loading=\"lazy\" decoding=\"async\" width=\"300\" height=\"300\" src=\"https:\/\/mustispot.com\/urun\/wp-content\/uploads\/2025\/11\/300-kg-dijital-sifir-teraziler-1-300x300.png\" class=\"attachment-woocommerce_thumbnail size-woocommerce_thumbnail\" alt=\"300 kilo kapasiteli dijital ikinci el teraziler\" srcset=\"https:\/\/mustispot.com\/urun\/wp-content\/uploads\/2025\/11\/300-kg-dijital-sifir-teraziler-1-300x300.png 300w, https:\/\/mustispot.com\/urun\/wp-content\/uploads\/2025\/11\/300-kg-dijital-sifir-teraziler-1-150x150.png 150w, https:\/\/mustispot.com\/urun\/wp-content\/uploads\/2025\/11\/300-kg-dijital-sifir-teraziler-1-100x100.png 100w\" sizes=\"auto, (max-width: 300px) 100vw, 300px\" title=\"\"><h2 class=\"woocommerce-loop-product__title\">300 kilo kapasiteli dijital ikinci el teraziler<\/h2>\n\t<span class=\"price\"><del aria-hidden=\"true\"><span class=\"woocommerce-Price-amount amount\"><bdi><span class=\"woocommerce-Price-currencySymbol\">&#8378;<\/span>2,500.00<\/bdi><\/span><\/del> <span class=\"screen-reader-text\">Orijinal fiyat: &#8378;2,500.00.<\/span><ins aria-hidden=\"true\"><span class=\"woocommerce-Price-amount amount\"><bdi><span class=\"woocommerce-Price-currencySymbol\">&#8378;<\/span>2,200.00<\/bdi><\/span><\/ins><span class=\"screen-reader-text\">\u015eu andaki fiyat: &#8378;2,200.00.<\/span><\/span>\n<div class=\"archive-product-categories text-center\"><a href=\"https:\/\/mustispot.com\/urun\/urun-kategori\/ikinci-el-is-makineleri\/\" rel=\"tag\">ikinci el i\u015f makineleri<\/a><\/div><\/a><a href=\"\/urun\/wp-json\/wp\/v2\/pages\/390?add-to-cart=615\" aria-describedby=\"woocommerce_loop_add_to_cart_link_describedby_615\" data-quantity=\"1\" class=\"button product_type_simple add_to_cart_button ajax_add_to_cart\" data-product_id=\"615\" data-product_sku=\"\" aria-label=\"Sepete ekle: \u201c300 kilo kapasiteli dijital ikinci el teraziler\u201d\" rel=\"nofollow\" data-success_message=\"&quot;300 kilo kapasiteli dijital ikinci el teraziler&quot; sepetinize eklendi\" role=\"button\">Sepete Ekle<\/a>\t<span id=\"woocommerce_loop_add_to_cart_link_describedby_615\" class=\"screen-reader-text\">\n\t\t\t<\/span>\n<\/li>\n<li class=\"product type-product post-604 status-publish instock product_cat-spot-defolu-esya has-post-thumbnail sale shipping-taxable purchasable product-type-simple\">\n\t<a href=\"https:\/\/mustispot.com\/urun\/urun\/acik-iskarta-defolu-seramik-yer-karosu-fayans\/\" class=\"woocommerce-LoopProduct-link woocommerce-loop-product__link\">\n\t<span class=\"onsale\">\u0130ndirim!<\/span>\n\t<img loading=\"lazy\" decoding=\"async\" width=\"300\" height=\"300\" src=\"https:\/\/mustispot.com\/urun\/wp-content\/uploads\/2025\/08\/defolu-seramik-yer-karosu-fayans-3-300x300.png\" class=\"attachment-woocommerce_thumbnail size-woocommerce_thumbnail\" alt=\"A\u00e7\u0131k \u0131skarta defolu seramik yer karosu fayans\" srcset=\"https:\/\/mustispot.com\/urun\/wp-content\/uploads\/2025\/08\/defolu-seramik-yer-karosu-fayans-3-300x300.png 300w, https:\/\/mustispot.com\/urun\/wp-content\/uploads\/2025\/08\/defolu-seramik-yer-karosu-fayans-3-150x150.png 150w, https:\/\/mustispot.com\/urun\/wp-content\/uploads\/2025\/08\/defolu-seramik-yer-karosu-fayans-3-100x100.png 100w\" sizes=\"auto, (max-width: 300px) 100vw, 300px\" title=\"\"><h2 class=\"woocommerce-loop-product__title\">A\u00e7\u0131k \u0131skarta defolu seramik yer karosu fayans<\/h2>\n\t<span class=\"price\"><del aria-hidden=\"true\"><span class=\"woocommerce-Price-amount amount\"><bdi><span class=\"woocommerce-Price-currencySymbol\">&#8378;<\/span>30.00<\/bdi><\/span><\/del> <span class=\"screen-reader-text\">Orijinal fiyat: &#8378;30.00.<\/span><ins aria-hidden=\"true\"><span class=\"woocommerce-Price-amount amount\"><bdi><span class=\"woocommerce-Price-currencySymbol\">&#8378;<\/span>25.00<\/bdi><\/span><\/ins><span class=\"screen-reader-text\">\u015eu andaki fiyat: &#8378;25.00.<\/span><\/span>\n<div class=\"archive-product-categories text-center\"><a href=\"https:\/\/mustispot.com\/urun\/urun-kategori\/spot-defolu-esya\/\" rel=\"tag\">spot defolu e\u015fya<\/a><\/div><\/a><a href=\"\/urun\/wp-json\/wp\/v2\/pages\/390?add-to-cart=604\" aria-describedby=\"woocommerce_loop_add_to_cart_link_describedby_604\" data-quantity=\"1\" class=\"button product_type_simple add_to_cart_button ajax_add_to_cart\" data-product_id=\"604\" data-product_sku=\"\" aria-label=\"Sepete ekle: \u201cA\u00e7\u0131k \u0131skarta defolu seramik yer karosu fayans\u201d\" rel=\"nofollow\" data-success_message=\"&quot;A\u00e7\u0131k \u0131skarta defolu seramik yer karosu fayans&quot; sepetinize eklendi\" role=\"button\">Sepete Ekle<\/a>\t<span id=\"woocommerce_loop_add_to_cart_link_describedby_604\" class=\"screen-reader-text\">\n\t\t\t<\/span>\n<\/li>\n<li class=\"product type-product post-543 status-publish last instock product_cat-spot-defolu-esya has-post-thumbnail sale shipping-taxable purchasable product-type-simple\">\n\t<a href=\"https:\/\/mustispot.com\/urun\/urun\/boyali-rulo-veya-trapez-sac-sifir-ayarinda-orjinal-malzeme\/\" class=\"woocommerce-LoopProduct-link woocommerce-loop-product__link\">\n\t<span class=\"onsale\">\u0130ndirim!<\/span>\n\t<img loading=\"lazy\" decoding=\"async\" width=\"300\" height=\"300\" src=\"https:\/\/mustispot.com\/urun\/wp-content\/uploads\/2024\/08\/Boyali-Rulo-veya-Trapez-sac-2-300x300.png\" class=\"attachment-woocommerce_thumbnail size-woocommerce_thumbnail\" alt=\"Boyal\u0131 Rulo veya Trapez sac s\u0131f\u0131r ayar\u0131nda orjinal malzeme\" srcset=\"https:\/\/mustispot.com\/urun\/wp-content\/uploads\/2024\/08\/Boyali-Rulo-veya-Trapez-sac-2-300x300.png 300w, https:\/\/mustispot.com\/urun\/wp-content\/uploads\/2024\/08\/Boyali-Rulo-veya-Trapez-sac-2-150x150.png 150w, https:\/\/mustispot.com\/urun\/wp-content\/uploads\/2024\/08\/Boyali-Rulo-veya-Trapez-sac-2-100x100.png 100w\" sizes=\"auto, (max-width: 300px) 100vw, 300px\" title=\"\"><h2 class=\"woocommerce-loop-product__title\">Boyal\u0131 Rulo veya Trapez sac s\u0131f\u0131r ayar\u0131nda orjinal malzeme<\/h2>\n\t<span class=\"price\"><del aria-hidden=\"true\"><span class=\"woocommerce-Price-amount amount\"><bdi><span class=\"woocommerce-Price-currencySymbol\">&#8378;<\/span>20,000.00<\/bdi><\/span><\/del> <span class=\"screen-reader-text\">Orijinal fiyat: &#8378;20,000.00.<\/span><ins aria-hidden=\"true\"><span class=\"woocommerce-Price-amount amount\"><bdi><span class=\"woocommerce-Price-currencySymbol\">&#8378;<\/span>15,000.00<\/bdi><\/span><\/ins><span class=\"screen-reader-text\">\u015eu andaki fiyat: &#8378;15,000.00.<\/span><\/span>\n<div class=\"archive-product-categories text-center\"><a href=\"https:\/\/mustispot.com\/urun\/urun-kategori\/spot-defolu-esya\/\" rel=\"tag\">spot defolu e\u015fya<\/a><\/div><\/a><a href=\"\/urun\/wp-json\/wp\/v2\/pages\/390?add-to-cart=543\" aria-describedby=\"woocommerce_loop_add_to_cart_link_describedby_543\" data-quantity=\"1\" class=\"button product_type_simple add_to_cart_button ajax_add_to_cart\" data-product_id=\"543\" data-product_sku=\"\" aria-label=\"Sepete ekle: \u201cBoyal\u0131 Rulo veya Trapez sac s\u0131f\u0131r ayar\u0131nda orjinal malzeme\u201d\" rel=\"nofollow\" data-success_message=\"&quot;Boyal\u0131 Rulo veya Trapez sac s\u0131f\u0131r ayar\u0131nda orjinal malzeme&quot; sepetinize eklendi\" role=\"button\">Sepete Ekle<\/a>\t<span id=\"woocommerce_loop_add_to_cart_link_describedby_543\" class=\"screen-reader-text\">\n\t\t\t<\/span>\n<\/li>\n<\/ul>\n<\/div>\n","protected":false},"excerpt":{"rendered":"","protected":false},"author":1,"featured_media":395,"parent":0,"menu_order":0,"comment_status":"closed","ping_status":"closed","template":"","meta":{"footnotes":""},"class_list":["post-390","page","type-page","status-publish","has-post-thumbnail","hentry"],"_links":{"self":[{"href":"https:\/\/mustispot.com\/urun\/wp-json\/wp\/v2\/pages\/390","targetHints":{"allow":["GET"]}}],"collection":[{"href":"https:\/\/mustispot.com\/urun\/wp-json\/wp\/v2\/pages"}],"about":[{"href":"https:\/\/mustispot.com\/urun\/wp-json\/wp\/v2\/types\/page"}],"author":[{"embeddable":true,"href":"https:\/\/mustispot.com\/urun\/wp-json\/wp\/v2\/users\/1"}],"replies":[{"embeddable":true,"href":"https:\/\/mustispot.com\/urun\/wp-json\/wp\/v2\/comments?post=390"}],"version-history":[{"count":1,"href":"https:\/\/mustispot.com\/urun\/wp-json\/wp\/v2\/pages\/390\/revisions"}],"predecessor-version":[{"id":392,"href":"https:\/\/mustispot.com\/urun\/wp-json\/wp\/v2\/pages\/390\/revisions\/392"}],"wp:featuredmedia":[{"embeddable":true,"href":"https:\/\/mustispot.com\/urun\/wp-json\/wp\/v2\/media\/395"}],"wp:attachment":[{"href":"https:\/\/mustispot.com\/urun\/wp-json\/wp\/v2\/media?parent=390"}],"curies":[{"name":"wp","href":"https:\/\/api.w.org\/{rel}","templated":true}]}}